{"id":704,"date":"2021-12-30T01:14:48","date_gmt":"2021-12-30T01:14:48","guid":{"rendered":"http:\/\/www.premiosjuegoresponsable.es\/?page_id=704"},"modified":"2023-01-23T11:19:51","modified_gmt":"2023-01-23T11:19:51","slug":"categorias","status":"publish","type":"page","link":"https:\/\/www.premiosjuegoresponsable.es\/?page_id=704","title":{"rendered":"Ganadores de la Cuarta Edici\u00f3n de los Premios INFOPLAY al Juego Responsable"},"content":{"rendered":"\n<p>En esta <strong>CUARTA EDICI\u00d3N <\/strong>el jurado ha tenido la gran responsabilidad de seleccionar a los ganadores de once <strong>categor\u00edas<\/strong>&nbsp;para abarcan el gran trabajo del sector en responsabilidad social corporativa y juego responsable tanto de \u00e1mbito nacional como internacional:<\/p>\n\n\n\n<p class=\"has-white-color has-text-color\">.<\/p>\n\n\n\n<p style=\"font-size:18px\"><strong>Premio a la instituci\u00f3n m\u00e1s comprometida con el Juego Responsable<\/strong>: <\/p>\n\n\n\n<p>Jdigital<\/p>\n\n\n\n<figure class=\"wp-block-embed is-type-video is-provider-youtube wp-block-embed-youtube wp-embed-aspect-16-9 wp-has-aspect-ratio\"><div class=\"wp-block-embed__wrapper\">\n<iframe loading=\"lazy\" title=\"Premio a la instituci\u00f3n m\u00e1s comprometida con el Juego Responsable: Jdigital\" width=\"1170\" height=\"658\" src=\"https:\/\/www.youtube.com\/embed\/h7RWB3SW29Q?feature=oembed\" frameborder=\"0\" allow=\"accelerometer; autoplay; clipboard-write; encrypted-media; gyroscope; picture-in-picture\" allowfullscreen><\/iframe>\n<\/div><\/figure>\n\n\n\n<p class=\"has-white-color has-text-color\"><\/p>\n\n\n\n<p style=\"font-size:18px\"><strong>Premio al empresario m\u00e1s destacado en Juego Responsable<\/strong><\/p>\n\n\n\n<p>\u00c1ngel y Jos\u00e9 Antonio D\u00edaz Carbajosa, Presidentes del Grupo DC<\/p>\n\n\n\n<figure class=\"wp-block-embed is-type-video is-provider-youtube wp-block-embed-youtube wp-embed-aspect-16-9 wp-has-aspect-ratio\"><div class=\"wp-block-embed__wrapper\">\n<iframe loading=\"lazy\" title=\"Premio al empresario m\u00e1s destacado en Juego Responsable \u00c1ngel y Jos\u00e9 Antonio D\u00edaz Carbajosa Grupo DC\" width=\"1170\" height=\"658\" src=\"https:\/\/www.youtube.com\/embed\/bruMZovKZM4?feature=oembed\" frameborder=\"0\" allow=\"accelerometer; autoplay; clipboard-write; encrypted-media; gyroscope; picture-in-picture\" allowfullscreen><\/iframe>\n<\/div><\/figure>\n\n\n\n<p class=\"has-white-color has-text-color\"><\/p>\n\n\n\n<p style=\"font-size:18px\"><strong>Premio a la directiva m\u00e1s destacada en Juego Responsable<\/strong><\/p>\n\n\n\n<p>Mariela Huenchumilla (Dreams)<\/p>\n\n\n\n<figure class=\"wp-block-embed is-type-video is-provider-youtube wp-block-embed-youtube wp-embed-aspect-16-9 wp-has-aspect-ratio\"><div class=\"wp-block-embed__wrapper\">\n<iframe loading=\"lazy\" title=\"Premio a la directiva m\u00e1s destacada en Juego Responsable: Mariela Huenchumilla (DREAMS Latam)\" width=\"1170\" height=\"658\" src=\"https:\/\/www.youtube.com\/embed\/B0bst9kB16g?list=PLcCSHJvPOqdIFtmS3BEXr6_Jkn9gxy6mw\" frameborder=\"0\" allow=\"accelerometer; autoplay; clipboard-write; encrypted-media; gyroscope; picture-in-picture\" allowfullscreen><\/iframe>\n<\/div><\/figure>\n\n\n\n<p class=\"has-white-color has-text-color\">.<\/p>\n\n\n\n<p style=\"font-size:18px\"><strong>Premio a la Empresa m\u00e1s comprometida con el Juego Responsable y RSC<\/strong><\/p>\n\n\n\n<p>MGA Industrial<\/p>\n\n\n\n<figure class=\"wp-block-embed is-type-video is-provider-youtube wp-block-embed-youtube wp-embed-aspect-16-9 wp-has-aspect-ratio\"><div class=\"wp-block-embed__wrapper\">\n<iframe loading=\"lazy\" title=\"Premio a la Empresa m\u00e1s comprometida con el Juego Responsable y RSC: MGA Industrial\" width=\"1170\" height=\"658\" src=\"https:\/\/www.youtube.com\/embed\/h_qt2CNl-HM?list=PLcCSHJvPOqdIFtmS3BEXr6_Jkn9gxy6mw\" frameborder=\"0\" allow=\"accelerometer; autoplay; clipboard-write; encrypted-media; gyroscope; picture-in-picture\" allowfullscreen><\/iframe>\n<\/div><\/figure>\n\n\n\n<p class=\"has-white-color has-text-color\">.<\/p>\n\n\n\n<p style=\"font-size:18px\"><strong>Premio a la Asociaci\u00f3n m\u00e1s comprometida con el Juego Responsable<\/strong><\/p>\n\n\n\n<p>ASERBI (Asociaci\u00f3n de Empresarios del Recreativo de Bizkaia)<\/p>\n\n\n\n<figure class=\"wp-block-embed is-type-video is-provider-youtube wp-block-embed-youtube wp-embed-aspect-16-9 wp-has-aspect-ratio\"><div class=\"wp-block-embed__wrapper\">\n<iframe loading=\"lazy\" title=\"Premio a la Asociaci\u00f3n m\u00e1s comprometida con el Juego Responsable: ASERBI\" width=\"1170\" height=\"658\" src=\"https:\/\/www.youtube.com\/embed\/6C_ypNuA2m8?list=PLcCSHJvPOqdIFtmS3BEXr6_Jkn9gxy6mw\" frameborder=\"0\" allow=\"accelerometer; autoplay; clipboard-write; encrypted-media; gyroscope; picture-in-picture\" allowfullscreen><\/iframe>\n<\/div><\/figure>\n\n\n\n<p class=\"has-white-color has-text-color\">.<\/p>\n\n\n\n<p style=\"font-size:18px\"><strong>Premio Innovaci\u00f3n por el Juego Responsable<\/strong><\/p>\n\n\n\n<p>Proyecto FES<\/p>\n\n\n\n<figure class=\"wp-block-embed is-type-video is-provider-youtube wp-block-embed-youtube wp-embed-aspect-16-9 wp-has-aspect-ratio\"><div class=\"wp-block-embed__wrapper\">\n<iframe loading=\"lazy\" title=\"Premio Innovaci\u00f3n por el Juego Responsable: Proyecto FES\" width=\"1170\" height=\"658\" src=\"https:\/\/www.youtube.com\/embed\/VvHbvl448I0?list=PLcCSHJvPOqdIFtmS3BEXr6_Jkn9gxy6mw\" frameborder=\"0\" allow=\"accelerometer; autoplay; clipboard-write; encrypted-media; gyroscope; picture-in-picture\" allowfullscreen><\/iframe>\n<\/div><\/figure>\n\n\n\n<p class=\"has-white-color has-text-color\">.<\/p>\n\n\n\n<p style=\"font-size:18px\"><strong>Premio a la Empresa m\u00e1s destacada en la promoci\u00f3n de la cultura<\/strong><\/p>\n\n\n\n<p>Naipes Fournier<\/p>\n\n\n\n<figure class=\"wp-block-embed is-type-video is-provider-youtube wp-block-embed-youtube wp-embed-aspect-16-9 wp-has-aspect-ratio\"><div class=\"wp-block-embed__wrapper\">\n<iframe loading=\"lazy\" title=\"Premio a la Empresa m\u00e1s destacada en la promoci\u00f3n de la cultura: Naipes Fournier\" width=\"1170\" height=\"658\" src=\"https:\/\/www.youtube.com\/embed\/AigwhohbFCo?list=PLcCSHJvPOqdIFtmS3BEXr6_Jkn9gxy6mw\" frameborder=\"0\" allow=\"accelerometer; autoplay; clipboard-write; encrypted-media; gyroscope; picture-in-picture\" allowfullscreen><\/iframe>\n<\/div><\/figure>\n\n\n\n<p class=\"has-white-color has-text-color\">.<\/p>\n\n\n\n<p style=\"font-size:18px\"><strong>Premio a la Empresa m\u00e1s comprometida con la sostenibilidad<\/strong><\/p>\n\n\n\n<p>Aristocrat<\/p>\n\n\n\n<figure class=\"wp-block-embed is-type-video is-provider-youtube wp-block-embed-youtube wp-embed-aspect-16-9 wp-has-aspect-ratio\"><div class=\"wp-block-embed__wrapper\">\n<iframe loading=\"lazy\" title=\"Entrega del Premio a la Empresa m\u00e1s comprometida con la sostenibilidad: Aristocrat\" width=\"1170\" height=\"658\" src=\"https:\/\/www.youtube.com\/embed\/MvIGielzAX0?list=PLcCSHJvPOqdIFtmS3BEXr6_Jkn9gxy6mw\" frameborder=\"0\" allow=\"accelerometer; autoplay; clipboard-write; encrypted-media; gyroscope; picture-in-picture\" allowfullscreen><\/iframe>\n<\/div><\/figure>\n\n\n\n<p style=\"font-size:18px\"><strong>Premio a la Labor Formativa en Juego Responsable<\/strong>.<\/p>\n\n\n\n<p>ANESAR (Asociaci\u00f3n Espa\u00f1ola de Empresarios de Salones de Juego y Recreativos)<\/p>\n\n\n\n<figure class=\"wp-block-embed is-type-video is-provider-youtube wp-block-embed-youtube wp-embed-aspect-16-9 wp-has-aspect-ratio\"><div class=\"wp-block-embed__wrapper\">\n<iframe loading=\"lazy\" title=\"Premio a la Labor Formativa en Juego Responsable: ANESAR\" width=\"1170\" height=\"658\" src=\"https:\/\/www.youtube.com\/embed\/E1qvmpRYNgc?list=PLcCSHJvPOqdIFtmS3BEXr6_Jkn9gxy6mw\" frameborder=\"0\" allow=\"accelerometer; autoplay; clipboard-write; encrypted-media; gyroscope; picture-in-picture\" allowfullscreen><\/iframe>\n<\/div><\/figure>\n\n\n\n<p class=\"has-white-color has-text-color\">.<\/p>\n\n\n\n<p style=\"font-size:18px\"><strong>Premio Embajador de Juego Responsable<\/strong> <em>(ex aequo)<\/em><\/p>\n\n\n\n<p>Bo Bernhard, Vicepresidente en la Universidad de Nevada<\/p>\n\n\n\n<figure class=\"wp-block-embed is-type-video is-provider-youtube wp-block-embed-youtube wp-embed-aspect-16-9 wp-has-aspect-ratio\"><div class=\"wp-block-embed__wrapper\">\n<iframe loading=\"lazy\" title=\"Premio Embajador de Juego Responsable: Bo Bernhard (Universidad de Nevada)\" width=\"1170\" height=\"658\" src=\"https:\/\/www.youtube.com\/embed\/lndJ_rS6Coc?list=PLcCSHJvPOqdIFtmS3BEXr6_Jkn9gxy6mw\" frameborder=\"0\" allow=\"accelerometer; autoplay; clipboard-write; encrypted-media; gyroscope; picture-in-picture\" allowfullscreen><\/iframe>\n<\/div><\/figure>\n\n\n\n<p class=\"has-white-color has-text-color\">.<\/p>\n\n\n\n<p style=\"font-size:18px\"><strong>Premio Embajador de Juego Responsable<\/strong> <em>(ex aequo)<\/em><\/p>\n\n\n\n<p>Juan Bravo, Consejero de Hacienda y Financiaci\u00f3n Europea de la Junta de Andaluc\u00eda.<\/p>\n\n\n\n<figure class=\"wp-block-embed is-type-video is-provider-youtube wp-block-embed-youtube wp-embed-aspect-16-9 wp-has-aspect-ratio\"><div class=\"wp-block-embed__wrapper\">\n<iframe loading=\"lazy\" title=\"Premio Embajador de Juego Responsable: Juan Bravo\" width=\"1170\" height=\"658\" src=\"https:\/\/www.youtube.com\/embed\/iP2Ppw6r_fU?list=PLcCSHJvPOqdIFtmS3BEXr6_Jkn9gxy6mw\" frameborder=\"0\" allow=\"accelerometer; autoplay; clipboard-write; encrypted-media; gyroscope; picture-in-picture\" allowfullscreen><\/iframe>\n<\/div><\/figure>\n\n\n\n<p class=\"has-white-color has-text-color\">.<\/p>\n\n\n\n<p style=\"font-size:18px\"><strong>Premio honor\u00edfico<\/strong><\/p>\n\n\n\n<p>Mar\u00eda Jos\u00e9 Gallardo<\/p>\n\n\n\n<figure class=\"wp-block-embed is-type-video is-provider-youtube wp-block-embed-youtube wp-embed-aspect-16-9 wp-has-aspect-ratio\"><div class=\"wp-block-embed__wrapper\">\n<iframe loading=\"lazy\" title=\"Mar\u00eda Jos\u00e9 Gallardo recibe el Premio honor\u00edfico en los Premios INFOPLAY al Juego Responsable y RSC\" width=\"1170\" height=\"658\" src=\"https:\/\/www.youtube.com\/embed\/35pqBGg6ZEE?list=PLcCSHJvPOqdIFtmS3BEXr6_Jkn9gxy6mw\" frameborder=\"0\" allow=\"accelerometer; autoplay; clipboard-write; encrypted-media; gyroscope; picture-in-picture\" allowfullscreen><\/iframe>\n<\/div><\/figure>\n\n\n\n<p class=\"has-white-color has-text-color\">.<\/p>\n\n\n\n<p style=\"font-size:18px\"><strong>Menci\u00f3n de honor<\/strong><\/p>\n\n\n\n<p>&nbsp;Eugenio Javier G\u00f3mez S\u00e1nchez-Biezma<\/p>\n\n\n\n<figure class=\"wp-block-embed is-type-video is-provider-youtube wp-block-embed-youtube wp-embed-aspect-16-9 wp-has-aspect-ratio\"><div class=\"wp-block-embed__wrapper\">\n<iframe loading=\"lazy\" title=\"Menci\u00f3n de honor para Eugenio Javier G\u00f3mez S\u00e1nchez-Biezma\" width=\"1170\" height=\"658\" src=\"https:\/\/www.youtube.com\/embed\/sxWa4hmC84M?list=PLcCSHJvPOqdIFtmS3BEXr6_Jkn9gxy6mw\" frameborder=\"0\" allow=\"accelerometer; autoplay; clipboard-write; encrypted-media; gyroscope; picture-in-picture\" allowfullscreen><\/iframe>\n<\/div><\/figure>\n","protected":false},"excerpt":{"rendered":"<p>En esta CUARTA EDICI\u00d3N el jurado ha tenido la gran responsabilidad de seleccionar a los ganadores de once categor\u00edas&nbsp;para abarcan el gran trabajo del sector en responsabilidad social corporativa y juego responsable tanto de \u00e1mbito nacional como internacional: . Premio a la instituci\u00f3n m\u00e1s comprometida con el Juego Responsable: Jdigital Premio al empresario m\u00e1s destacado [&hellip;]<\/p>\n","protected":false},"author":1,"featured_media":0,"parent":0,"menu_order":0,"comment_status":"closed","ping_status":"closed","template":"","meta":{"_monsterinsights_skip_tracking":false,"_monsterinsights_sitenote_active":false,"_monsterinsights_sitenote_note":"","_monsterinsights_sitenote_category":0,"footnotes":""},"class_list":["post-704","page","type-page","status-publish","hentry"],"yoast_head":"<!-- This site is optimized with the Yoast SEO plugin v27.4 - https:\/\/yoast.com\/product\/yoast-seo-wordpress\/ -->\n<title>Ganadores de la Cuarta Edici\u00f3n de los Premios INFOPLAY al Juego Responsable - Premios INFOPLAY al Juego Responsable y RSC<\/title>\n<meta name=\"robots\" content=\"noindex, follow, max-snippet:-1, max-image-preview:large, max-video-preview:-1\" \/>\n<meta property=\"og:locale\" content=\"es_ES\" \/>\n<meta property=\"og:type\" content=\"article\" \/>\n<meta property=\"og:title\" content=\"Ganadores de la Cuarta Edici\u00f3n de los Premios INFOPLAY al Juego Responsable - Premios INFOPLAY al Juego Responsable y RSC\" \/>\n<meta property=\"og:description\" content=\"En esta CUARTA EDICI\u00d3N el jurado ha tenido la gran responsabilidad de seleccionar a los ganadores de once categor\u00edas&nbsp;para abarcan el gran trabajo del sector en responsabilidad social corporativa y juego responsable tanto de \u00e1mbito nacional como internacional: . Premio a la instituci\u00f3n m\u00e1s comprometida con el Juego Responsable: Jdigital Premio al empresario m\u00e1s destacado [&hellip;]\" \/>\n<meta property=\"og:url\" content=\"https:\/\/www.premiosjuegoresponsable.es\/?page_id=704\" \/>\n<meta property=\"og:site_name\" content=\"Premios INFOPLAY al Juego Responsable y RSC\" \/>\n<meta property=\"article:modified_time\" content=\"2023-01-23T11:19:51+00:00\" \/>\n<meta name=\"twitter:card\" content=\"summary_large_image\" \/>\n<meta name=\"twitter:label1\" content=\"Tiempo de lectura\" \/>\n\t<meta name=\"twitter:data1\" content=\"2 minutos\" \/>\n<script type=\"application\/ld+json\" class=\"yoast-schema-graph\">{\"@context\":\"https:\\\/\\\/schema.org\",\"@graph\":[{\"@type\":\"WebPage\",\"@id\":\"https:\\\/\\\/www.premiosjuegoresponsable.es\\\/?page_id=704\",\"url\":\"https:\\\/\\\/www.premiosjuegoresponsable.es\\\/?page_id=704\",\"name\":\"Ganadores de la Cuarta Edici\u00f3n de los Premios INFOPLAY al Juego Responsable - Premios INFOPLAY al Juego Responsable y RSC\",\"isPartOf\":{\"@id\":\"https:\\\/\\\/www.premiosjuegoresponsable.es\\\/#website\"},\"datePublished\":\"2021-12-30T01:14:48+00:00\",\"dateModified\":\"2023-01-23T11:19:51+00:00\",\"breadcrumb\":{\"@id\":\"https:\\\/\\\/www.premiosjuegoresponsable.es\\\/?page_id=704#breadcrumb\"},\"inLanguage\":\"es\",\"potentialAction\":[{\"@type\":\"ReadAction\",\"target\":[\"https:\\\/\\\/www.premiosjuegoresponsable.es\\\/?page_id=704\"]}]},{\"@type\":\"BreadcrumbList\",\"@id\":\"https:\\\/\\\/www.premiosjuegoresponsable.es\\\/?page_id=704#breadcrumb\",\"itemListElement\":[{\"@type\":\"ListItem\",\"position\":1,\"name\":\"Portada\",\"item\":\"https:\\\/\\\/www.premiosjuegoresponsable.es\\\/\"},{\"@type\":\"ListItem\",\"position\":2,\"name\":\"Ganadores de la Cuarta Edici\u00f3n de los Premios INFOPLAY al Juego Responsable\"}]},{\"@type\":\"WebSite\",\"@id\":\"https:\\\/\\\/www.premiosjuegoresponsable.es\\\/#website\",\"url\":\"https:\\\/\\\/www.premiosjuegoresponsable.es\\\/\",\"name\":\"Premios INFOPLAY al Juego Responsable y RSC\",\"description\":\"\",\"potentialAction\":[{\"@type\":\"SearchAction\",\"target\":{\"@type\":\"EntryPoint\",\"urlTemplate\":\"https:\\\/\\\/www.premiosjuegoresponsable.es\\\/?s={search_term_string}\"},\"query-input\":{\"@type\":\"PropertyValueSpecification\",\"valueRequired\":true,\"valueName\":\"search_term_string\"}}],\"inLanguage\":\"es\"}]}<\/script>\n<!-- \/ Yoast SEO plugin. -->","yoast_head_json":{"title":"Ganadores de la Cuarta Edici\u00f3n de los Premios INFOPLAY al Juego Responsable - Premios INFOPLAY al Juego Responsable y RSC","robots":{"index":"noindex","follow":"follow","max-snippet":"max-snippet:-1","max-image-preview":"max-image-preview:large","max-video-preview":"max-video-preview:-1"},"og_locale":"es_ES","og_type":"article","og_title":"Ganadores de la Cuarta Edici\u00f3n de los Premios INFOPLAY al Juego Responsable - Premios INFOPLAY al Juego Responsable y RSC","og_description":"En esta CUARTA EDICI\u00d3N el jurado ha tenido la gran responsabilidad de seleccionar a los ganadores de once categor\u00edas&nbsp;para abarcan el gran trabajo del sector en responsabilidad social corporativa y juego responsable tanto de \u00e1mbito nacional como internacional: . Premio a la instituci\u00f3n m\u00e1s comprometida con el Juego Responsable: Jdigital Premio al empresario m\u00e1s destacado [&hellip;]","og_url":"https:\/\/www.premiosjuegoresponsable.es\/?page_id=704","og_site_name":"Premios INFOPLAY al Juego Responsable y RSC","article_modified_time":"2023-01-23T11:19:51+00:00","twitter_card":"summary_large_image","twitter_misc":{"Tiempo de lectura":"2 minutos"},"schema":{"@context":"https:\/\/schema.org","@graph":[{"@type":"WebPage","@id":"https:\/\/www.premiosjuegoresponsable.es\/?page_id=704","url":"https:\/\/www.premiosjuegoresponsable.es\/?page_id=704","name":"Ganadores de la Cuarta Edici\u00f3n de los Premios INFOPLAY al Juego Responsable - Premios INFOPLAY al Juego Responsable y RSC","isPartOf":{"@id":"https:\/\/www.premiosjuegoresponsable.es\/#website"},"datePublished":"2021-12-30T01:14:48+00:00","dateModified":"2023-01-23T11:19:51+00:00","breadcrumb":{"@id":"https:\/\/www.premiosjuegoresponsable.es\/?page_id=704#breadcrumb"},"inLanguage":"es","potentialAction":[{"@type":"ReadAction","target":["https:\/\/www.premiosjuegoresponsable.es\/?page_id=704"]}]},{"@type":"BreadcrumbList","@id":"https:\/\/www.premiosjuegoresponsable.es\/?page_id=704#breadcrumb","itemListElement":[{"@type":"ListItem","position":1,"name":"Portada","item":"https:\/\/www.premiosjuegoresponsable.es\/"},{"@type":"ListItem","position":2,"name":"Ganadores de la Cuarta Edici\u00f3n de los Premios INFOPLAY al Juego Responsable"}]},{"@type":"WebSite","@id":"https:\/\/www.premiosjuegoresponsable.es\/#website","url":"https:\/\/www.premiosjuegoresponsable.es\/","name":"Premios INFOPLAY al Juego Responsable y RSC","description":"","potentialAction":[{"@type":"SearchAction","target":{"@type":"EntryPoint","urlTemplate":"https:\/\/www.premiosjuegoresponsable.es\/?s={search_term_string}"},"query-input":{"@type":"PropertyValueSpecification","valueRequired":true,"valueName":"search_term_string"}}],"inLanguage":"es"}]}},"_links":{"self":[{"href":"https:\/\/www.premiosjuegoresponsable.es\/index.php?rest_route=\/wp\/v2\/pages\/704","targetHints":{"allow":["GET"]}}],"collection":[{"href":"https:\/\/www.premiosjuegoresponsable.es\/index.php?rest_route=\/wp\/v2\/pages"}],"about":[{"href":"https:\/\/www.premiosjuegoresponsable.es\/index.php?rest_route=\/wp\/v2\/types\/page"}],"author":[{"embeddable":true,"href":"https:\/\/www.premiosjuegoresponsable.es\/index.php?rest_route=\/wp\/v2\/users\/1"}],"replies":[{"embeddable":true,"href":"https:\/\/www.premiosjuegoresponsable.es\/index.php?rest_route=%2Fwp%2Fv2%2Fcomments&post=704"}],"version-history":[{"count":41,"href":"https:\/\/www.premiosjuegoresponsable.es\/index.php?rest_route=\/wp\/v2\/pages\/704\/revisions"}],"predecessor-version":[{"id":1179,"href":"https:\/\/www.premiosjuegoresponsable.es\/index.php?rest_route=\/wp\/v2\/pages\/704\/revisions\/1179"}],"wp:attachment":[{"href":"https:\/\/www.premiosjuegoresponsable.es\/index.php?rest_route=%2Fwp%2Fv2%2Fmedia&parent=704"}],"curies":[{"name":"wp","href":"https:\/\/api.w.org\/{rel}","templated":true}]}}