{"id":333,"date":"2021-12-08T23:34:48","date_gmt":"2021-12-08T23:34:48","guid":{"rendered":"http:\/\/www.premiosjuegoresponsable.es\/?page_id=333"},"modified":"2021-12-09T22:10:48","modified_gmt":"2021-12-09T22:10:48","slug":"ganadores-de-la-segunda-edicion-de-los-premios-infoplay-al-juego-responsable","status":"publish","type":"page","link":"https:\/\/www.premiosjuegoresponsable.es\/?page_id=333","title":{"rendered":"Ganadores de la Segunda Edici\u00f3n de los Premios INFOPLAY al Juego Responsable"},"content":{"rendered":"\n<p>Esta es la lista de ganadores de la Segunda Edici\u00f3n de los Premios al Juego Responsable:<\/p>\n\n\n\n<div class=\"wp-block-media-text alignwide is-stacked-on-mobile\" style=\"grid-template-columns:30% auto\"><figure class=\"wp-block-media-text__media\"><img loading=\"lazy\" decoding=\"async\" width=\"555\" height=\"370\" src=\"https:\/\/www.premiosjuegoresponsable.es\/wp-content\/uploads\/2021\/12\/Infinity-Gaming-imprescindible-en-los-PREMIOS-al-Juego-Responsable-1.jpg\" alt=\"\" class=\"wp-image-338 size-medium\" srcset=\"https:\/\/www.premiosjuegoresponsable.es\/wp-content\/uploads\/2021\/12\/Infinity-Gaming-imprescindible-en-los-PREMIOS-al-Juego-Responsable-1.jpg 555w, https:\/\/www.premiosjuegoresponsable.es\/wp-content\/uploads\/2021\/12\/Infinity-Gaming-imprescindible-en-los-PREMIOS-al-Juego-Responsable-1-300x200.jpg 300w, https:\/\/www.premiosjuegoresponsable.es\/wp-content\/uploads\/2021\/12\/Infinity-Gaming-imprescindible-en-los-PREMIOS-al-Juego-Responsable-1-480x320.jpg 480w\" sizes=\"auto, (max-width: 555px) 100vw, 555px\" \/><\/figure><div class=\"wp-block-media-text__content\">\n<h3 class=\"has-text-align-left wp-block-heading\">Empresa Comprometida con el Juego Responsable<\/h3>\n\n\n\n<p><strong><strong>Infinity Gaming, por el lanzamiento de su Sistema &#8220;Recepci\u00f3n Autom\u00e1tica&#8221; para el control de acceso a salas y salones de juego<\/strong><\/strong><\/p>\n<\/div><\/div>\n\n\n\n<p><\/p>\n\n\n\n<div class=\"wp-block-media-text alignwide is-stacked-on-mobile\" style=\"grid-template-columns:30% auto\"><figure class=\"wp-block-media-text__media\"><img loading=\"lazy\" decoding=\"async\" width=\"602\" height=\"402\" src=\"https:\/\/www.premiosjuegoresponsable.es\/wp-content\/uploads\/2021\/12\/galeria-fotos-1876.jpg\" alt=\"\" class=\"wp-image-336 size-medium\" srcset=\"https:\/\/www.premiosjuegoresponsable.es\/wp-content\/uploads\/2021\/12\/galeria-fotos-1876.jpg 602w, https:\/\/www.premiosjuegoresponsable.es\/wp-content\/uploads\/2021\/12\/galeria-fotos-1876-300x200.jpg 300w, https:\/\/www.premiosjuegoresponsable.es\/wp-content\/uploads\/2021\/12\/galeria-fotos-1876-480x321.jpg 480w\" sizes=\"auto, (max-width: 602px) 100vw, 602px\" \/><\/figure><div class=\"wp-block-media-text__content\">\n<h3 class=\"has-text-align-left wp-block-heading\">Asociaci\u00f3n Sectorial m\u00e1s comprometida con el Juego Responsable<\/h3>\n\n\n\n<p><strong>AGEO<\/strong><\/p>\n<\/div><\/div>\n\n\n\n<p><\/p>\n\n\n\n<div class=\"wp-block-media-text alignwide is-stacked-on-mobile\" style=\"grid-template-columns:30% auto\"><figure class=\"wp-block-media-text__media\"><img loading=\"lazy\" decoding=\"async\" width=\"696\" height=\"464\" src=\"https:\/\/www.premiosjuegoresponsable.es\/wp-content\/uploads\/2021\/12\/galeria-fotos-1882.jpg\" alt=\"\" class=\"wp-image-339 size-medium\" srcset=\"https:\/\/www.premiosjuegoresponsable.es\/wp-content\/uploads\/2021\/12\/galeria-fotos-1882.jpg 696w, https:\/\/www.premiosjuegoresponsable.es\/wp-content\/uploads\/2021\/12\/galeria-fotos-1882-300x200.jpg 300w, https:\/\/www.premiosjuegoresponsable.es\/wp-content\/uploads\/2021\/12\/galeria-fotos-1882-480x320.jpg 480w\" sizes=\"auto, (max-width: 696px) 100vw, 696px\" \/><\/figure><div class=\"wp-block-media-text__content\">\n<h3 class=\"has-text-align-left wp-block-heading\">Iniciativa m\u00e1s destacada en materia de Juego Responsable<\/h3>\n\n\n\n<p><strong><strong><strong><strong>JuegoESresponsable, plataforma integrada por Jdigital, bet365, betfair, Botemania, bwin y William Hill.<\/strong><\/strong><\/strong><\/strong><\/p>\n<\/div><\/div>\n\n\n\n<p><\/p>\n\n\n\n<div class=\"wp-block-media-text alignwide is-stacked-on-mobile\" style=\"grid-template-columns:30% auto\"><figure class=\"wp-block-media-text__media\"><img loading=\"lazy\" decoding=\"async\" width=\"706\" height=\"471\" src=\"https:\/\/www.premiosjuegoresponsable.es\/wp-content\/uploads\/2021\/12\/galeria-fotos-1892.jpg\" alt=\"\" class=\"wp-image-341 size-medium\" srcset=\"https:\/\/www.premiosjuegoresponsable.es\/wp-content\/uploads\/2021\/12\/galeria-fotos-1892.jpg 706w, https:\/\/www.premiosjuegoresponsable.es\/wp-content\/uploads\/2021\/12\/galeria-fotos-1892-300x200.jpg 300w, https:\/\/www.premiosjuegoresponsable.es\/wp-content\/uploads\/2021\/12\/galeria-fotos-1892-480x320.jpg 480w\" sizes=\"auto, (max-width: 706px) 100vw, 706px\" \/><\/figure><div class=\"wp-block-media-text__content\">\n<h3 class=\"has-text-align-left wp-block-heading\">Instituci\u00f3n m\u00e1s Comprometida con el sector y la defensa del Juego Responsable Nacional o Internacional<\/h3>\n\n\n\n<p><strong><strong><strong>Fundaci\u00f3n de Bingos de Castilla y Le\u00f3n<\/strong><\/strong><\/strong><\/p>\n<\/div><\/div>\n\n\n\n<p><\/p>\n\n\n\n<div class=\"wp-block-media-text alignwide is-stacked-on-mobile is-vertically-aligned-center\" style=\"grid-template-columns:30% auto\"><figure class=\"wp-block-media-text__media\"><img loading=\"lazy\" decoding=\"async\" width=\"831\" height=\"555\" src=\"https:\/\/www.premiosjuegoresponsable.es\/wp-content\/uploads\/2021\/12\/galeria-fotos-1905.jpg\" alt=\"\" class=\"wp-image-342 size-medium\" srcset=\"https:\/\/www.premiosjuegoresponsable.es\/wp-content\/uploads\/2021\/12\/galeria-fotos-1905.jpg 831w, https:\/\/www.premiosjuegoresponsable.es\/wp-content\/uploads\/2021\/12\/galeria-fotos-1905-300x200.jpg 300w, https:\/\/www.premiosjuegoresponsable.es\/wp-content\/uploads\/2021\/12\/galeria-fotos-1905-768x513.jpg 768w, https:\/\/www.premiosjuegoresponsable.es\/wp-content\/uploads\/2021\/12\/galeria-fotos-1905-480x321.jpg 480w\" sizes=\"auto, (max-width: 831px) 100vw, 831px\" \/><\/figure><div class=\"wp-block-media-text__content\">\n<h3 class=\"wp-block-heading\">Premio a la Personalidad de Juego Responsable<\/h3>\n\n\n\n<p>Aitor Uriarte, Director de Juego y Espect\u00e1culos del Pa\u00eds Vasco<\/p>\n<\/div><\/div>\n\n\n\n<p><\/p>\n\n\n\n<p><\/p>\n\n\n\n<p><br><\/p>\n","protected":false},"excerpt":{"rendered":"<p>Esta es la lista de ganadores de la Segunda Edici\u00f3n de los Premios al Juego Responsable: Empresa Comprometida con el Juego Responsable Infinity Gaming, por el lanzamiento de su Sistema &#8220;Recepci\u00f3n Autom\u00e1tica&#8221; para el control de acceso a salas y salones de juego Asociaci\u00f3n Sectorial m\u00e1s comprometida con el Juego Responsable AGEO Iniciativa m\u00e1s destacada [&hellip;]<\/p>\n","protected":false},"author":1,"featured_media":0,"parent":0,"menu_order":0,"comment_status":"closed","ping_status":"closed","template":"","meta":{"_monsterinsights_skip_tracking":false,"_monsterinsights_sitenote_active":false,"_monsterinsights_sitenote_note":"","_monsterinsights_sitenote_category":0,"footnotes":""},"class_list":["post-333","page","type-page","status-publish","hentry"],"yoast_head":"<!-- This site is optimized with the Yoast SEO plugin v27.4 - https:\/\/yoast.com\/product\/yoast-seo-wordpress\/ -->\n<title>Ganadores de la Segunda Edici\u00f3n de los Premios INFOPLAY al Juego Responsable - Premios INFOPLAY al Juego Responsable y RSC<\/title>\n<meta name=\"robots\" content=\"noindex, follow, max-snippet:-1, max-image-preview:large, max-video-preview:-1\" \/>\n<meta property=\"og:locale\" content=\"es_ES\" \/>\n<meta property=\"og:type\" content=\"article\" \/>\n<meta property=\"og:title\" content=\"Ganadores de la Segunda Edici\u00f3n de los Premios INFOPLAY al Juego Responsable - Premios INFOPLAY al Juego Responsable y RSC\" \/>\n<meta property=\"og:description\" content=\"Esta es la lista de ganadores de la Segunda Edici\u00f3n de los Premios al Juego Responsable: Empresa Comprometida con el Juego Responsable Infinity Gaming, por el lanzamiento de su Sistema &#8220;Recepci\u00f3n Autom\u00e1tica&#8221; para el control de acceso a salas y salones de juego Asociaci\u00f3n Sectorial m\u00e1s comprometida con el Juego Responsable AGEO Iniciativa m\u00e1s destacada [&hellip;]\" \/>\n<meta property=\"og:url\" content=\"https:\/\/www.premiosjuegoresponsable.es\/?page_id=333\" \/>\n<meta property=\"og:site_name\" content=\"Premios INFOPLAY al Juego Responsable y RSC\" \/>\n<meta property=\"article:modified_time\" content=\"2021-12-09T22:10:48+00:00\" \/>\n<meta property=\"og:image\" content=\"http:\/\/www.premiosjuegoresponsable.es\/wp-content\/uploads\/2021\/12\/Infinity-Gaming-imprescindible-en-los-PREMIOS-al-Juego-Responsable-1.jpg\" \/>\n<meta name=\"twitter:card\" content=\"summary_large_image\" \/>\n<meta name=\"twitter:label1\" content=\"Tiempo de lectura\" \/>\n\t<meta name=\"twitter:data1\" content=\"1 minuto\" \/>\n<script type=\"application\/ld+json\" class=\"yoast-schema-graph\">{\"@context\":\"https:\\\/\\\/schema.org\",\"@graph\":[{\"@type\":\"WebPage\",\"@id\":\"https:\\\/\\\/www.premiosjuegoresponsable.es\\\/?page_id=333\",\"url\":\"https:\\\/\\\/www.premiosjuegoresponsable.es\\\/?page_id=333\",\"name\":\"Ganadores de la Segunda Edici\u00f3n de los Premios INFOPLAY al Juego Responsable - Premios INFOPLAY al Juego Responsable y RSC\",\"isPartOf\":{\"@id\":\"https:\\\/\\\/www.premiosjuegoresponsable.es\\\/#website\"},\"primaryImageOfPage\":{\"@id\":\"https:\\\/\\\/www.premiosjuegoresponsable.es\\\/?page_id=333#primaryimage\"},\"image\":{\"@id\":\"https:\\\/\\\/www.premiosjuegoresponsable.es\\\/?page_id=333#primaryimage\"},\"thumbnailUrl\":\"http:\\\/\\\/www.premiosjuegoresponsable.es\\\/wp-content\\\/uploads\\\/2021\\\/12\\\/Infinity-Gaming-imprescindible-en-los-PREMIOS-al-Juego-Responsable-1.jpg\",\"datePublished\":\"2021-12-08T23:34:48+00:00\",\"dateModified\":\"2021-12-09T22:10:48+00:00\",\"breadcrumb\":{\"@id\":\"https:\\\/\\\/www.premiosjuegoresponsable.es\\\/?page_id=333#breadcrumb\"},\"inLanguage\":\"es\",\"potentialAction\":[{\"@type\":\"ReadAction\",\"target\":[\"https:\\\/\\\/www.premiosjuegoresponsable.es\\\/?page_id=333\"]}]},{\"@type\":\"ImageObject\",\"inLanguage\":\"es\",\"@id\":\"https:\\\/\\\/www.premiosjuegoresponsable.es\\\/?page_id=333#primaryimage\",\"url\":\"http:\\\/\\\/www.premiosjuegoresponsable.es\\\/wp-content\\\/uploads\\\/2021\\\/12\\\/Infinity-Gaming-imprescindible-en-los-PREMIOS-al-Juego-Responsable-1.jpg\",\"contentUrl\":\"http:\\\/\\\/www.premiosjuegoresponsable.es\\\/wp-content\\\/uploads\\\/2021\\\/12\\\/Infinity-Gaming-imprescindible-en-los-PREMIOS-al-Juego-Responsable-1.jpg\"},{\"@type\":\"BreadcrumbList\",\"@id\":\"https:\\\/\\\/www.premiosjuegoresponsable.es\\\/?page_id=333#breadcrumb\",\"itemListElement\":[{\"@type\":\"ListItem\",\"position\":1,\"name\":\"Portada\",\"item\":\"https:\\\/\\\/www.premiosjuegoresponsable.es\\\/\"},{\"@type\":\"ListItem\",\"position\":2,\"name\":\"Ganadores de la Segunda Edici\u00f3n de los Premios INFOPLAY al Juego Responsable\"}]},{\"@type\":\"WebSite\",\"@id\":\"https:\\\/\\\/www.premiosjuegoresponsable.es\\\/#website\",\"url\":\"https:\\\/\\\/www.premiosjuegoresponsable.es\\\/\",\"name\":\"Premios INFOPLAY al Juego Responsable y RSC\",\"description\":\"\",\"potentialAction\":[{\"@type\":\"SearchAction\",\"target\":{\"@type\":\"EntryPoint\",\"urlTemplate\":\"https:\\\/\\\/www.premiosjuegoresponsable.es\\\/?s={search_term_string}\"},\"query-input\":{\"@type\":\"PropertyValueSpecification\",\"valueRequired\":true,\"valueName\":\"search_term_string\"}}],\"inLanguage\":\"es\"}]}<\/script>\n<!-- \/ Yoast SEO plugin. -->","yoast_head_json":{"title":"Ganadores de la Segunda Edici\u00f3n de los Premios INFOPLAY al Juego Responsable - Premios INFOPLAY al Juego Responsable y RSC","robots":{"index":"noindex","follow":"follow","max-snippet":"max-snippet:-1","max-image-preview":"max-image-preview:large","max-video-preview":"max-video-preview:-1"},"og_locale":"es_ES","og_type":"article","og_title":"Ganadores de la Segunda Edici\u00f3n de los Premios INFOPLAY al Juego Responsable - Premios INFOPLAY al Juego Responsable y RSC","og_description":"Esta es la lista de ganadores de la Segunda Edici\u00f3n de los Premios al Juego Responsable: Empresa Comprometida con el Juego Responsable Infinity Gaming, por el lanzamiento de su Sistema &#8220;Recepci\u00f3n Autom\u00e1tica&#8221; para el control de acceso a salas y salones de juego Asociaci\u00f3n Sectorial m\u00e1s comprometida con el Juego Responsable AGEO Iniciativa m\u00e1s destacada [&hellip;]","og_url":"https:\/\/www.premiosjuegoresponsable.es\/?page_id=333","og_site_name":"Premios INFOPLAY al Juego Responsable y RSC","article_modified_time":"2021-12-09T22:10:48+00:00","og_image":[{"url":"http:\/\/www.premiosjuegoresponsable.es\/wp-content\/uploads\/2021\/12\/Infinity-Gaming-imprescindible-en-los-PREMIOS-al-Juego-Responsable-1.jpg","type":"","width":"","height":""}],"twitter_card":"summary_large_image","twitter_misc":{"Tiempo de lectura":"1 minuto"},"schema":{"@context":"https:\/\/schema.org","@graph":[{"@type":"WebPage","@id":"https:\/\/www.premiosjuegoresponsable.es\/?page_id=333","url":"https:\/\/www.premiosjuegoresponsable.es\/?page_id=333","name":"Ganadores de la Segunda Edici\u00f3n de los Premios INFOPLAY al Juego Responsable - Premios INFOPLAY al Juego Responsable y RSC","isPartOf":{"@id":"https:\/\/www.premiosjuegoresponsable.es\/#website"},"primaryImageOfPage":{"@id":"https:\/\/www.premiosjuegoresponsable.es\/?page_id=333#primaryimage"},"image":{"@id":"https:\/\/www.premiosjuegoresponsable.es\/?page_id=333#primaryimage"},"thumbnailUrl":"http:\/\/www.premiosjuegoresponsable.es\/wp-content\/uploads\/2021\/12\/Infinity-Gaming-imprescindible-en-los-PREMIOS-al-Juego-Responsable-1.jpg","datePublished":"2021-12-08T23:34:48+00:00","dateModified":"2021-12-09T22:10:48+00:00","breadcrumb":{"@id":"https:\/\/www.premiosjuegoresponsable.es\/?page_id=333#breadcrumb"},"inLanguage":"es","potentialAction":[{"@type":"ReadAction","target":["https:\/\/www.premiosjuegoresponsable.es\/?page_id=333"]}]},{"@type":"ImageObject","inLanguage":"es","@id":"https:\/\/www.premiosjuegoresponsable.es\/?page_id=333#primaryimage","url":"http:\/\/www.premiosjuegoresponsable.es\/wp-content\/uploads\/2021\/12\/Infinity-Gaming-imprescindible-en-los-PREMIOS-al-Juego-Responsable-1.jpg","contentUrl":"http:\/\/www.premiosjuegoresponsable.es\/wp-content\/uploads\/2021\/12\/Infinity-Gaming-imprescindible-en-los-PREMIOS-al-Juego-Responsable-1.jpg"},{"@type":"BreadcrumbList","@id":"https:\/\/www.premiosjuegoresponsable.es\/?page_id=333#breadcrumb","itemListElement":[{"@type":"ListItem","position":1,"name":"Portada","item":"https:\/\/www.premiosjuegoresponsable.es\/"},{"@type":"ListItem","position":2,"name":"Ganadores de la Segunda Edici\u00f3n de los Premios INFOPLAY al Juego Responsable"}]},{"@type":"WebSite","@id":"https:\/\/www.premiosjuegoresponsable.es\/#website","url":"https:\/\/www.premiosjuegoresponsable.es\/","name":"Premios INFOPLAY al Juego Responsable y RSC","description":"","potentialAction":[{"@type":"SearchAction","target":{"@type":"EntryPoint","urlTemplate":"https:\/\/www.premiosjuegoresponsable.es\/?s={search_term_string}"},"query-input":{"@type":"PropertyValueSpecification","valueRequired":true,"valueName":"search_term_string"}}],"inLanguage":"es"}]}},"_links":{"self":[{"href":"https:\/\/www.premiosjuegoresponsable.es\/index.php?rest_route=\/wp\/v2\/pages\/333","targetHints":{"allow":["GET"]}}],"collection":[{"href":"https:\/\/www.premiosjuegoresponsable.es\/index.php?rest_route=\/wp\/v2\/pages"}],"about":[{"href":"https:\/\/www.premiosjuegoresponsable.es\/index.php?rest_route=\/wp\/v2\/types\/page"}],"author":[{"embeddable":true,"href":"https:\/\/www.premiosjuegoresponsable.es\/index.php?rest_route=\/wp\/v2\/users\/1"}],"replies":[{"embeddable":true,"href":"https:\/\/www.premiosjuegoresponsable.es\/index.php?rest_route=%2Fwp%2Fv2%2Fcomments&post=333"}],"version-history":[{"count":9,"href":"https:\/\/www.premiosjuegoresponsable.es\/index.php?rest_route=\/wp\/v2\/pages\/333\/revisions"}],"predecessor-version":[{"id":370,"href":"https:\/\/www.premiosjuegoresponsable.es\/index.php?rest_route=\/wp\/v2\/pages\/333\/revisions\/370"}],"wp:attachment":[{"href":"https:\/\/www.premiosjuegoresponsable.es\/index.php?rest_route=%2Fwp%2Fv2%2Fmedia&parent=333"}],"curies":[{"name":"wp","href":"https:\/\/api.w.org\/{rel}","templated":true}]}}