{"id":3056,"date":"2026-03-20T11:25:53","date_gmt":"2026-03-20T10:25:53","guid":{"rendered":"https:\/\/www.premiosjuegoresponsable.es\/?page_id=3056"},"modified":"2026-03-20T11:26:15","modified_gmt":"2026-03-20T10:26:15","slug":"desayuno-de-trabajo-rsc-y-juego-responsable-gobernanza-y-relevo-generacional","status":"publish","type":"page","link":"https:\/\/www.premiosjuegoresponsable.es\/?page_id=3056","title":{"rendered":"Desayuno de Trabajo &#8211; RSC y Juego Responsable &#8211; Gobernanza y Relevo Generacional"},"content":{"rendered":"\n<h2 class=\"wp-block-heading\">DESAYUNO DE TRABAJO &#8211; RSC Y JUEGO RESPONSABLE &#8211; GOBERNANZA Y RELEVO GENERACIONAL<\/h2>\n\n\n\n<div style=\"height:50px\" aria-hidden=\"true\" class=\"wp-block-spacer\"><\/div>\n\n\n<div class=\"wp-block-image is-style-default\">\n<figure class=\"aligncenter size-full is-resized\"><img loading=\"lazy\" decoding=\"async\" width=\"398\" height=\"115\" src=\"https:\/\/www.premiosjuegoresponsable.es\/wp-content\/uploads\/2026\/03\/logo-cocamatic-grupoc-1.png\" alt=\"\" class=\"wp-image-3059\" style=\"width:400px;height:auto\" srcset=\"https:\/\/www.premiosjuegoresponsable.es\/wp-content\/uploads\/2026\/03\/logo-cocamatic-grupoc-1.png 398w, https:\/\/www.premiosjuegoresponsable.es\/wp-content\/uploads\/2026\/03\/logo-cocamatic-grupoc-1-300x87.png 300w\" sizes=\"auto, (max-width: 398px) 100vw, 398px\" \/><\/figure>\n<\/div>\n\n\n<div style=\"height:50px\" aria-hidden=\"true\" class=\"wp-block-spacer\"><\/div>\n\n\n\n<figure class=\"wp-block-image size-full\"><img loading=\"lazy\" decoding=\"async\" width=\"650\" height=\"316\" src=\"https:\/\/www.premiosjuegoresponsable.es\/wp-content\/uploads\/2026\/03\/image-2.png\" alt=\"\" class=\"wp-image-3057\" srcset=\"https:\/\/www.premiosjuegoresponsable.es\/wp-content\/uploads\/2026\/03\/image-2.png 650w, https:\/\/www.premiosjuegoresponsable.es\/wp-content\/uploads\/2026\/03\/image-2-300x146.png 300w\" sizes=\"auto, (max-width: 650px) 100vw, 650px\" \/><\/figure>\n\n\n\n<div style=\"height:50px\" aria-hidden=\"true\" class=\"wp-block-spacer\"><\/div>\n\n\n\n<div style=\"height:50px\" aria-hidden=\"true\" class=\"wp-block-spacer\"><\/div>\n\n\n\n<h2 class=\"wp-block-heading\">\u00daltimas noticias<\/h2>\n\n\n\n<div style=\"height:50px\" aria-hidden=\"true\" class=\"wp-block-spacer\"><\/div>\n\n\n<ul class=\"wp-block-latest-posts__list has-dates wp-block-latest-posts has-medium-font-size\"><li><a class=\"wp-block-latest-posts__post-title\" href=\"https:\/\/www.premiosjuegoresponsable.es\/?p=3134\">El Desayuno de trabajo RSC y Juego Responsable junto al Grupo COCAMATIC reuni\u00f3 a representantes institucionales, expertos y empresarios en una ma\u00f1ana de aprendizaje, reflexi\u00f3n y di\u00e1logo constructivo<\/a><time datetime=\"2026-05-06T09:28:35+01:00\" class=\"wp-block-latest-posts__post-date\">6 de mayo de 2026<\/time><\/li>\n<li><a class=\"wp-block-latest-posts__post-title\" href=\"https:\/\/www.premiosjuegoresponsable.es\/?p=3121\">Falta una semana para el Desayuno de los Premios JR y RSC en el Relais &amp; Ch\u00e2teaux Hotel Orfila con COCAMATIC<\/a><time datetime=\"2026-04-28T09:32:59+01:00\" class=\"wp-block-latest-posts__post-date\">28 de abril de 2026<\/time><\/li>\n<li><a class=\"wp-block-latest-posts__post-title\" href=\"https:\/\/www.premiosjuegoresponsable.es\/?p=3118\">Manuel Bermejo, experto en empresa familiar del IE Business School, se une a Ram\u00f3n Cubi\u00e1n, Ruth And\u00e9rez y Ver\u00f3nica Garc\u00eda Castelo en el Desayuno de Trabajo sobre Gobernanza y Relevo Generacional<\/a><time datetime=\"2026-04-27T09:57:19+01:00\" class=\"wp-block-latest-posts__post-date\">27 de abril de 2026<\/time><\/li>\n<li><a class=\"wp-block-latest-posts__post-title\" href=\"https:\/\/www.premiosjuegoresponsable.es\/?p=3107\">Ruth And\u00e9rez se suma al Desayuno de Trabajo organizado por los Premios al Juego Responsable y RSC y Grupo COCAMATIC<\/a><time datetime=\"2026-04-16T10:35:40+01:00\" class=\"wp-block-latest-posts__post-date\">16 de abril de 2026<\/time><\/li>\n<li><a class=\"wp-block-latest-posts__post-title\" href=\"https:\/\/www.premiosjuegoresponsable.es\/?p=3083\">Ram\u00f3n Cubi\u00e1n y Gracia Mart\u00edn-Duarte participar\u00e1n en el pr\u00f3ximo Desayuno de Trabajo RSC organizado por los PREMIOS AL JUEGO RESPONSABLE y el grupo COCAMATIC<\/a><time datetime=\"2026-04-08T11:29:15+01:00\" class=\"wp-block-latest-posts__post-date\">8 de abril de 2026<\/time><\/li>\n<li><a class=\"wp-block-latest-posts__post-title\" href=\"https:\/\/www.premiosjuegoresponsable.es\/?p=3076\">Ver\u00f3nica Garc\u00eda Castelo, presidenta de la Asociaci\u00f3n de la Empresa Familiar de Madrid, participar\u00e1 en el desayuno de trabajo organizado por los PREMIOS AL JUEGO RESPONSABLE Y RSC y el grupo COCAMATIC<\/a><time datetime=\"2026-03-26T14:54:44+01:00\" class=\"wp-block-latest-posts__post-date\">26 de marzo de 2026<\/time><\/li>\n<li><a class=\"wp-block-latest-posts__post-title\" href=\"https:\/\/www.premiosjuegoresponsable.es\/?p=3060\">Nuevo desayuno de trabajo RSC y Juego Responsable en el Relais &amp; Ch\u00e2teaux Hotel Orfila de Madrid, organizado junto al grupo COCAMATIC<\/a><time datetime=\"2026-03-13T11:24:41+01:00\" class=\"wp-block-latest-posts__post-date\">13 de marzo de 2026<\/time><\/li>\n<\/ul>","protected":false},"excerpt":{"rendered":"<p>DESAYUNO DE TRABAJO &#8211; RSC Y JUEGO RESPONSABLE &#8211; GOBERNANZA Y RELEVO GENERACIONAL \u00daltimas noticias<\/p>\n","protected":false},"author":1,"featured_media":0,"parent":0,"menu_order":0,"comment_status":"closed","ping_status":"closed","template":"templates\/template-page-full-width.php","meta":{"_monsterinsights_skip_tracking":false,"_monsterinsights_sitenote_active":false,"_monsterinsights_sitenote_note":"","_monsterinsights_sitenote_category":0,"footnotes":""},"class_list":["post-3056","page","type-page","status-publish","hentry"],"yoast_head":"<!-- This site is optimized with the Yoast SEO plugin v27.4 - https:\/\/yoast.com\/product\/yoast-seo-wordpress\/ -->\n<title>Desayuno de Trabajo - RSC y Juego Responsable - Gobernanza y Relevo Generacional - Premios INFOPLAY al Juego Responsable y RSC<\/title>\n<meta name=\"robots\" content=\"noindex, follow, max-snippet:-1, max-image-preview:large, max-video-preview:-1\" \/>\n<meta property=\"og:locale\" content=\"es_ES\" \/>\n<meta property=\"og:type\" content=\"article\" \/>\n<meta property=\"og:title\" content=\"Desayuno de Trabajo - RSC y Juego Responsable - Gobernanza y Relevo Generacional - Premios INFOPLAY al Juego Responsable y RSC\" \/>\n<meta property=\"og:description\" content=\"DESAYUNO DE TRABAJO &#8211; RSC Y JUEGO RESPONSABLE &#8211; GOBERNANZA Y RELEVO GENERACIONAL \u00daltimas noticias\" \/>\n<meta property=\"og:url\" content=\"https:\/\/www.premiosjuegoresponsable.es\/?page_id=3056\" \/>\n<meta property=\"og:site_name\" content=\"Premios INFOPLAY al Juego Responsable y RSC\" \/>\n<meta property=\"article:modified_time\" content=\"2026-03-20T10:26:15+00:00\" \/>\n<meta property=\"og:image\" content=\"https:\/\/www.premiosjuegoresponsable.es\/wp-content\/uploads\/2026\/03\/logo-cocamatic-grupoc-1.png\" \/>\n\t<meta property=\"og:image:width\" content=\"398\" \/>\n\t<meta property=\"og:image:height\" content=\"115\" \/>\n\t<meta property=\"og:image:type\" content=\"image\/png\" \/>\n<meta name=\"twitter:card\" content=\"summary_large_image\" \/>\n<script type=\"application\/ld+json\" class=\"yoast-schema-graph\">{\"@context\":\"https:\\\/\\\/schema.org\",\"@graph\":[{\"@type\":\"WebPage\",\"@id\":\"https:\\\/\\\/www.premiosjuegoresponsable.es\\\/?page_id=3056\",\"url\":\"https:\\\/\\\/www.premiosjuegoresponsable.es\\\/?page_id=3056\",\"name\":\"Desayuno de Trabajo - RSC y Juego Responsable - Gobernanza y Relevo Generacional - Premios INFOPLAY al Juego Responsable y RSC\",\"isPartOf\":{\"@id\":\"https:\\\/\\\/www.premiosjuegoresponsable.es\\\/#website\"},\"primaryImageOfPage\":{\"@id\":\"https:\\\/\\\/www.premiosjuegoresponsable.es\\\/?page_id=3056#primaryimage\"},\"image\":{\"@id\":\"https:\\\/\\\/www.premiosjuegoresponsable.es\\\/?page_id=3056#primaryimage\"},\"thumbnailUrl\":\"https:\\\/\\\/www.premiosjuegoresponsable.es\\\/wp-content\\\/uploads\\\/2026\\\/03\\\/logo-cocamatic-grupoc-1.png\",\"datePublished\":\"2026-03-20T10:25:53+00:00\",\"dateModified\":\"2026-03-20T10:26:15+00:00\",\"breadcrumb\":{\"@id\":\"https:\\\/\\\/www.premiosjuegoresponsable.es\\\/?page_id=3056#breadcrumb\"},\"inLanguage\":\"es\",\"potentialAction\":[{\"@type\":\"ReadAction\",\"target\":[\"https:\\\/\\\/www.premiosjuegoresponsable.es\\\/?page_id=3056\"]}]},{\"@type\":\"ImageObject\",\"inLanguage\":\"es\",\"@id\":\"https:\\\/\\\/www.premiosjuegoresponsable.es\\\/?page_id=3056#primaryimage\",\"url\":\"https:\\\/\\\/www.premiosjuegoresponsable.es\\\/wp-content\\\/uploads\\\/2026\\\/03\\\/logo-cocamatic-grupoc-1.png\",\"contentUrl\":\"https:\\\/\\\/www.premiosjuegoresponsable.es\\\/wp-content\\\/uploads\\\/2026\\\/03\\\/logo-cocamatic-grupoc-1.png\",\"width\":398,\"height\":115},{\"@type\":\"BreadcrumbList\",\"@id\":\"https:\\\/\\\/www.premiosjuegoresponsable.es\\\/?page_id=3056#breadcrumb\",\"itemListElement\":[{\"@type\":\"ListItem\",\"position\":1,\"name\":\"Portada\",\"item\":\"https:\\\/\\\/www.premiosjuegoresponsable.es\\\/\"},{\"@type\":\"ListItem\",\"position\":2,\"name\":\"Desayuno de Trabajo &#8211; RSC y Juego Responsable &#8211; Gobernanza y Relevo Generacional\"}]},{\"@type\":\"WebSite\",\"@id\":\"https:\\\/\\\/www.premiosjuegoresponsable.es\\\/#website\",\"url\":\"https:\\\/\\\/www.premiosjuegoresponsable.es\\\/\",\"name\":\"Premios INFOPLAY al Juego Responsable y RSC\",\"description\":\"\",\"potentialAction\":[{\"@type\":\"SearchAction\",\"target\":{\"@type\":\"EntryPoint\",\"urlTemplate\":\"https:\\\/\\\/www.premiosjuegoresponsable.es\\\/?s={search_term_string}\"},\"query-input\":{\"@type\":\"PropertyValueSpecification\",\"valueRequired\":true,\"valueName\":\"search_term_string\"}}],\"inLanguage\":\"es\"}]}<\/script>\n<!-- \/ Yoast SEO plugin. -->","yoast_head_json":{"title":"Desayuno de Trabajo - RSC y Juego Responsable - Gobernanza y Relevo Generacional - Premios INFOPLAY al Juego Responsable y RSC","robots":{"index":"noindex","follow":"follow","max-snippet":"max-snippet:-1","max-image-preview":"max-image-preview:large","max-video-preview":"max-video-preview:-1"},"og_locale":"es_ES","og_type":"article","og_title":"Desayuno de Trabajo - RSC y Juego Responsable - Gobernanza y Relevo Generacional - Premios INFOPLAY al Juego Responsable y RSC","og_description":"DESAYUNO DE TRABAJO &#8211; RSC Y JUEGO RESPONSABLE &#8211; GOBERNANZA Y RELEVO GENERACIONAL \u00daltimas noticias","og_url":"https:\/\/www.premiosjuegoresponsable.es\/?page_id=3056","og_site_name":"Premios INFOPLAY al Juego Responsable y RSC","article_modified_time":"2026-03-20T10:26:15+00:00","og_image":[{"width":398,"height":115,"url":"https:\/\/www.premiosjuegoresponsable.es\/wp-content\/uploads\/2026\/03\/logo-cocamatic-grupoc-1.png","type":"image\/png"}],"twitter_card":"summary_large_image","schema":{"@context":"https:\/\/schema.org","@graph":[{"@type":"WebPage","@id":"https:\/\/www.premiosjuegoresponsable.es\/?page_id=3056","url":"https:\/\/www.premiosjuegoresponsable.es\/?page_id=3056","name":"Desayuno de Trabajo - RSC y Juego Responsable - Gobernanza y Relevo Generacional - Premios INFOPLAY al Juego Responsable y RSC","isPartOf":{"@id":"https:\/\/www.premiosjuegoresponsable.es\/#website"},"primaryImageOfPage":{"@id":"https:\/\/www.premiosjuegoresponsable.es\/?page_id=3056#primaryimage"},"image":{"@id":"https:\/\/www.premiosjuegoresponsable.es\/?page_id=3056#primaryimage"},"thumbnailUrl":"https:\/\/www.premiosjuegoresponsable.es\/wp-content\/uploads\/2026\/03\/logo-cocamatic-grupoc-1.png","datePublished":"2026-03-20T10:25:53+00:00","dateModified":"2026-03-20T10:26:15+00:00","breadcrumb":{"@id":"https:\/\/www.premiosjuegoresponsable.es\/?page_id=3056#breadcrumb"},"inLanguage":"es","potentialAction":[{"@type":"ReadAction","target":["https:\/\/www.premiosjuegoresponsable.es\/?page_id=3056"]}]},{"@type":"ImageObject","inLanguage":"es","@id":"https:\/\/www.premiosjuegoresponsable.es\/?page_id=3056#primaryimage","url":"https:\/\/www.premiosjuegoresponsable.es\/wp-content\/uploads\/2026\/03\/logo-cocamatic-grupoc-1.png","contentUrl":"https:\/\/www.premiosjuegoresponsable.es\/wp-content\/uploads\/2026\/03\/logo-cocamatic-grupoc-1.png","width":398,"height":115},{"@type":"BreadcrumbList","@id":"https:\/\/www.premiosjuegoresponsable.es\/?page_id=3056#breadcrumb","itemListElement":[{"@type":"ListItem","position":1,"name":"Portada","item":"https:\/\/www.premiosjuegoresponsable.es\/"},{"@type":"ListItem","position":2,"name":"Desayuno de Trabajo &#8211; RSC y Juego Responsable &#8211; Gobernanza y Relevo Generacional"}]},{"@type":"WebSite","@id":"https:\/\/www.premiosjuegoresponsable.es\/#website","url":"https:\/\/www.premiosjuegoresponsable.es\/","name":"Premios INFOPLAY al Juego Responsable y RSC","description":"","potentialAction":[{"@type":"SearchAction","target":{"@type":"EntryPoint","urlTemplate":"https:\/\/www.premiosjuegoresponsable.es\/?s={search_term_string}"},"query-input":{"@type":"PropertyValueSpecification","valueRequired":true,"valueName":"search_term_string"}}],"inLanguage":"es"}]}},"_links":{"self":[{"href":"https:\/\/www.premiosjuegoresponsable.es\/index.php?rest_route=\/wp\/v2\/pages\/3056","targetHints":{"allow":["GET"]}}],"collection":[{"href":"https:\/\/www.premiosjuegoresponsable.es\/index.php?rest_route=\/wp\/v2\/pages"}],"about":[{"href":"https:\/\/www.premiosjuegoresponsable.es\/index.php?rest_route=\/wp\/v2\/types\/page"}],"author":[{"embeddable":true,"href":"https:\/\/www.premiosjuegoresponsable.es\/index.php?rest_route=\/wp\/v2\/users\/1"}],"replies":[{"embeddable":true,"href":"https:\/\/www.premiosjuegoresponsable.es\/index.php?rest_route=%2Fwp%2Fv2%2Fcomments&post=3056"}],"version-history":[{"count":2,"href":"https:\/\/www.premiosjuegoresponsable.es\/index.php?rest_route=\/wp\/v2\/pages\/3056\/revisions"}],"predecessor-version":[{"id":3065,"href":"https:\/\/www.premiosjuegoresponsable.es\/index.php?rest_route=\/wp\/v2\/pages\/3056\/revisions\/3065"}],"wp:attachment":[{"href":"https:\/\/www.premiosjuegoresponsable.es\/index.php?rest_route=%2Fwp%2Fv2%2Fmedia&parent=3056"}],"curies":[{"name":"wp","href":"https:\/\/api.w.org\/{rel}","templated":true}]}}