{"id":3041,"date":"2026-03-10T11:59:05","date_gmt":"2026-03-10T10:59:05","guid":{"rendered":"https:\/\/www.premiosjuegoresponsable.es\/?page_id=3041"},"modified":"2026-05-05T07:49:02","modified_gmt":"2026-05-05T06:49:02","slug":"jurado-3","status":"publish","type":"page","link":"https:\/\/www.premiosjuegoresponsable.es\/?page_id=3041","title":{"rendered":"Jurado"},"content":{"rendered":"\n<p class=\"has-large-font-size\"><strong>En actualizaci\u00f3n&#8230;<\/strong><\/p>\n\n\n\n<div style=\"height:30px\" aria-hidden=\"true\" class=\"wp-block-spacer\"><\/div>\n\n\n\n<div class=\"wp-block-media-text alignwide is-stacked-on-mobile\" style=\"grid-template-columns:15% auto\"><figure class=\"wp-block-media-text__media\"><img loading=\"lazy\" decoding=\"async\" width=\"300\" height=\"300\" src=\"https:\/\/www.premiosjuegoresponsable.es\/wp-content\/uploads\/2025\/04\/JACQUELINE_MECINAS.png\" alt=\"\" class=\"wp-image-2563 size-full\" srcset=\"https:\/\/www.premiosjuegoresponsable.es\/wp-content\/uploads\/2025\/04\/JACQUELINE_MECINAS.png 300w, https:\/\/www.premiosjuegoresponsable.es\/wp-content\/uploads\/2025\/04\/JACQUELINE_MECINAS-150x150.png 150w\" sizes=\"auto, (max-width: 300px) 100vw, 300px\" \/><\/figure><div class=\"wp-block-media-text__content\">\n<p id=\"fernando-fernandez-de-troconiz\"><strong>Jacqueline Mecinas<\/strong><\/p>\n\n\n\n<p>Presidenta del Jurado.<\/p>\n<\/div><\/div>\n\n\n\n<div style=\"height:30px\" aria-hidden=\"true\" class=\"wp-block-spacer\"><\/div>\n\n\n\n<div class=\"wp-block-media-text alignwide is-stacked-on-mobile\" style=\"grid-template-columns:15% auto\"><figure class=\"wp-block-media-text__media\"><img loading=\"lazy\" decoding=\"async\" width=\"300\" height=\"300\" src=\"https:\/\/www.premiosjuegoresponsable.es\/wp-content\/uploads\/2025\/04\/RAMON_CUBIAN-1.png\" alt=\"\" class=\"wp-image-2562 size-full\" srcset=\"https:\/\/www.premiosjuegoresponsable.es\/wp-content\/uploads\/2025\/04\/RAMON_CUBIAN-1.png 300w, https:\/\/www.premiosjuegoresponsable.es\/wp-content\/uploads\/2025\/04\/RAMON_CUBIAN-1-150x150.png 150w\" sizes=\"auto, (max-width: 300px) 100vw, 300px\" \/><\/figure><div class=\"wp-block-media-text__content\">\n<p id=\"fernando-fernandez-de-troconiz\"><strong>Ram\u00f3n Cubi\u00e1n<\/strong><\/p>\n\n\n\n<p>Director General del Suelo y de la Oficina de Madrid Nuevo Norte y Responsable de Juego de Comunidad de Madrid.<\/p>\n<\/div><\/div>\n\n\n\n<div style=\"height:30px\" aria-hidden=\"true\" class=\"wp-block-spacer\"><\/div>\n\n\n\n<div class=\"wp-block-media-text alignwide is-stacked-on-mobile\" style=\"grid-template-columns:15% auto\"><figure class=\"wp-block-media-text__media\"><img loading=\"lazy\" decoding=\"async\" width=\"300\" height=\"300\" src=\"https:\/\/www.premiosjuegoresponsable.es\/wp-content\/uploads\/2025\/04\/GRACIA_MARTIN_DUARTE.png\" alt=\"\" class=\"wp-image-2567 size-full\" srcset=\"https:\/\/www.premiosjuegoresponsable.es\/wp-content\/uploads\/2025\/04\/GRACIA_MARTIN_DUARTE.png 300w, https:\/\/www.premiosjuegoresponsable.es\/wp-content\/uploads\/2025\/04\/GRACIA_MARTIN_DUARTE-150x150.png 150w\" sizes=\"auto, (max-width: 300px) 100vw, 300px\" \/><\/figure><div class=\"wp-block-media-text__content\">\n<p id=\"fernando-fernandez-de-troconiz\"><strong>Gracia Mart\u00edn-Duarte<\/strong><\/p>\n\n\n\n<p>Subdirectora General de Ordenaci\u00f3n y Gesti\u00f3n del Juego de la Comunidad de Madrid.<\/p>\n<\/div><\/div>\n\n\n\n<div style=\"height:30px\" aria-hidden=\"true\" class=\"wp-block-spacer\"><\/div>\n\n\n\n<div class=\"wp-block-media-text alignwide is-stacked-on-mobile\" style=\"grid-template-columns:15% auto\"><figure class=\"wp-block-media-text__media\"><img loading=\"lazy\" decoding=\"async\" width=\"300\" height=\"300\" src=\"https:\/\/www.premiosjuegoresponsable.es\/wp-content\/uploads\/2025\/04\/ANTONIO_DURAN-1.png\" alt=\"\" class=\"wp-image-2595 size-full\" srcset=\"https:\/\/www.premiosjuegoresponsable.es\/wp-content\/uploads\/2025\/04\/ANTONIO_DURAN-1.png 300w, https:\/\/www.premiosjuegoresponsable.es\/wp-content\/uploads\/2025\/04\/ANTONIO_DURAN-1-150x150.png 150w\" sizes=\"auto, (max-width: 300px) 100vw, 300px\" \/><\/figure><div class=\"wp-block-media-text__content\">\n<p id=\"fernando-fernandez-de-troconiz\"><strong>Antonio Dur\u00e1n<\/strong><\/p>\n\n\n\n<p>CEO en E-Gaming Spain.<\/p>\n<\/div><\/div>\n\n\n\n<div style=\"height:30px\" aria-hidden=\"true\" class=\"wp-block-spacer\"><\/div>\n\n\n\n<div class=\"wp-block-media-text alignwide is-stacked-on-mobile\" style=\"grid-template-columns:15% auto\"><figure class=\"wp-block-media-text__media\"><img loading=\"lazy\" decoding=\"async\" width=\"300\" height=\"300\" src=\"https:\/\/www.premiosjuegoresponsable.es\/wp-content\/uploads\/2025\/04\/SANTIAGO_ASENSI.png\" alt=\"\" class=\"wp-image-2608 size-full\" srcset=\"https:\/\/www.premiosjuegoresponsable.es\/wp-content\/uploads\/2025\/04\/SANTIAGO_ASENSI.png 300w, https:\/\/www.premiosjuegoresponsable.es\/wp-content\/uploads\/2025\/04\/SANTIAGO_ASENSI-150x150.png 150w\" sizes=\"auto, (max-width: 300px) 100vw, 300px\" \/><\/figure><div class=\"wp-block-media-text__content\">\n<p id=\"fernando-fernandez-de-troconiz\"><strong>Santiago Asensi<\/strong><\/p>\n\n\n\n<p>Director en Asensi Abogados.<\/p>\n<\/div><\/div>\n\n\n\n<div style=\"height:30px\" aria-hidden=\"true\" class=\"wp-block-spacer\"><\/div>\n\n\n\n<div class=\"wp-block-media-text alignwide is-stacked-on-mobile\" style=\"grid-template-columns:15% auto\"><figure class=\"wp-block-media-text__media\"><img loading=\"lazy\" decoding=\"async\" width=\"300\" height=\"300\" src=\"https:\/\/www.premiosjuegoresponsable.es\/wp-content\/uploads\/2025\/05\/ANTONIO_MARTINEZ_ALCAZAR.png\" alt=\"\" class=\"wp-image-2735 size-full\" srcset=\"https:\/\/www.premiosjuegoresponsable.es\/wp-content\/uploads\/2025\/05\/ANTONIO_MARTINEZ_ALCAZAR.png 300w, https:\/\/www.premiosjuegoresponsable.es\/wp-content\/uploads\/2025\/05\/ANTONIO_MARTINEZ_ALCAZAR-150x150.png 150w\" sizes=\"auto, (max-width: 300px) 100vw, 300px\" \/><\/figure><div class=\"wp-block-media-text__content\">\n<p id=\"fernando-fernandez-de-troconiz\"><strong>Antonio Mart\u00ednez Alc\u00e1zar<\/strong><\/p>\n\n\n\n<p>CEO en INFINITY GAMING.<\/p>\n<\/div><\/div>\n\n\n\n<div style=\"height:30px\" aria-hidden=\"true\" class=\"wp-block-spacer\"><\/div>\n\n\n\n<div class=\"wp-block-media-text alignwide is-stacked-on-mobile\" style=\"grid-template-columns:15% auto\"><figure class=\"wp-block-media-text__media\"><img loading=\"lazy\" decoding=\"async\" width=\"300\" height=\"300\" src=\"https:\/\/www.premiosjuegoresponsable.es\/wp-content\/uploads\/2026\/03\/JURADO_TEUCHMANN.png\" alt=\"\" class=\"wp-image-3043 size-full\" srcset=\"https:\/\/www.premiosjuegoresponsable.es\/wp-content\/uploads\/2026\/03\/JURADO_TEUCHMANN.png 300w, https:\/\/www.premiosjuegoresponsable.es\/wp-content\/uploads\/2026\/03\/JURADO_TEUCHMANN-150x150.png 150w\" sizes=\"auto, (max-width: 300px) 100vw, 300px\" \/><\/figure><div class=\"wp-block-media-text__content\">\n<p id=\"fernando-fernandez-de-troconiz\"><strong>Bernhard Teuchmann<\/strong><\/p>\n\n\n\n<p>General Manager en Novomatic Gaming Spain.<\/p>\n<\/div><\/div>\n\n\n\n<div style=\"height:30px\" aria-hidden=\"true\" class=\"wp-block-spacer\"><\/div>\n\n\n\n<div class=\"wp-block-media-text alignwide is-stacked-on-mobile\" style=\"grid-template-columns:15% auto\"><figure class=\"wp-block-media-text__media\"><img loading=\"lazy\" decoding=\"async\" width=\"300\" height=\"300\" src=\"https:\/\/www.premiosjuegoresponsable.es\/wp-content\/uploads\/2026\/03\/JURADO_MOSQUERA.png\" alt=\"\" class=\"wp-image-3044 size-full\" srcset=\"https:\/\/www.premiosjuegoresponsable.es\/wp-content\/uploads\/2026\/03\/JURADO_MOSQUERA.png 300w, https:\/\/www.premiosjuegoresponsable.es\/wp-content\/uploads\/2026\/03\/JURADO_MOSQUERA-150x150.png 150w\" sizes=\"auto, (max-width: 300px) 100vw, 300px\" \/><\/figure><div class=\"wp-block-media-text__content\">\n<p id=\"fernando-fernandez-de-troconiz\"><strong>Alejandro Mosquera<\/strong><\/p>\n\n\n\n<p>Director de EGT Espa\u00f1a.<\/p>\n<\/div><\/div>\n\n\n\n<div style=\"height:30px\" aria-hidden=\"true\" class=\"wp-block-spacer\"><\/div>\n\n\n\n<div class=\"wp-block-media-text alignwide is-stacked-on-mobile\" style=\"grid-template-columns:15% auto\"><figure class=\"wp-block-media-text__media\"><img loading=\"lazy\" decoding=\"async\" width=\"300\" height=\"300\" src=\"https:\/\/www.premiosjuegoresponsable.es\/wp-content\/uploads\/2025\/04\/ENRIC_SANAHUJA-1.png\" alt=\"\" class=\"wp-image-2589 size-full\" srcset=\"https:\/\/www.premiosjuegoresponsable.es\/wp-content\/uploads\/2025\/04\/ENRIC_SANAHUJA-1.png 300w, https:\/\/www.premiosjuegoresponsable.es\/wp-content\/uploads\/2025\/04\/ENRIC_SANAHUJA-1-150x150.png 150w\" sizes=\"auto, (max-width: 300px) 100vw, 300px\" \/><\/figure><div class=\"wp-block-media-text__content\">\n<p id=\"fernando-fernandez-de-troconiz\"><strong>Enric Sanahuja<\/strong><\/p>\n\n\n\n<p>Vicepresidente de MGA.<\/p>\n<\/div><\/div>\n\n\n\n<div style=\"height:30px\" aria-hidden=\"true\" class=\"wp-block-spacer\"><\/div>\n\n\n\n<div class=\"wp-block-media-text alignwide is-stacked-on-mobile\" style=\"grid-template-columns:15% auto\"><figure class=\"wp-block-media-text__media\"><img loading=\"lazy\" decoding=\"async\" width=\"300\" height=\"300\" src=\"https:\/\/www.premiosjuegoresponsable.es\/wp-content\/uploads\/2026\/04\/DANI_CANO.png\" alt=\"\" class=\"wp-image-3072 size-full\" srcset=\"https:\/\/www.premiosjuegoresponsable.es\/wp-content\/uploads\/2026\/04\/DANI_CANO.png 300w, https:\/\/www.premiosjuegoresponsable.es\/wp-content\/uploads\/2026\/04\/DANI_CANO-150x150.png 150w\" sizes=\"auto, (max-width: 300px) 100vw, 300px\" \/><\/figure><div class=\"wp-block-media-text__content\">\n<p id=\"fernando-fernandez-de-troconiz\"><strong>Dani Cano Ortega<\/strong><\/p>\n\n\n\n<p>Jefe de la Brigada de Juego y Espect\u00e1culos. Polic\u00eda Foral de Navarra.<\/p>\n<\/div><\/div>\n\n\n\n<div style=\"height:30px\" aria-hidden=\"true\" class=\"wp-block-spacer\"><\/div>\n\n\n\n<div class=\"wp-block-media-text alignwide is-stacked-on-mobile\" style=\"grid-template-columns:15% auto\"><figure class=\"wp-block-media-text__media\"><img loading=\"lazy\" decoding=\"async\" width=\"300\" height=\"300\" src=\"https:\/\/www.premiosjuegoresponsable.es\/wp-content\/uploads\/2025\/04\/YOLANDA_BARQUEROS-1.png\" alt=\"\" class=\"wp-image-2565 size-full\" srcset=\"https:\/\/www.premiosjuegoresponsable.es\/wp-content\/uploads\/2025\/04\/YOLANDA_BARQUEROS-1.png 300w, https:\/\/www.premiosjuegoresponsable.es\/wp-content\/uploads\/2025\/04\/YOLANDA_BARQUEROS-1-150x150.png 150w\" sizes=\"auto, (max-width: 300px) 100vw, 300px\" \/><\/figure><div class=\"wp-block-media-text__content\">\n<p id=\"fernando-fernandez-de-troconiz\"><strong>Yolanda Barqueros<\/strong><\/p>\n\n\n\n<p>Directora de Relaciones Institucionales de Merkur Dosniha.<\/p>\n<\/div><\/div>\n\n\n\n<div style=\"height:30px\" aria-hidden=\"true\" class=\"wp-block-spacer\"><\/div>\n\n\n\n<div class=\"wp-block-media-text alignwide is-stacked-on-mobile\" style=\"grid-template-columns:15% auto\"><figure class=\"wp-block-media-text__media\"><img loading=\"lazy\" decoding=\"async\" width=\"300\" height=\"300\" src=\"https:\/\/www.premiosjuegoresponsable.es\/wp-content\/uploads\/2026\/04\/JURADO_BOTONES.png\" alt=\"\" class=\"wp-image-3089 size-full\" srcset=\"https:\/\/www.premiosjuegoresponsable.es\/wp-content\/uploads\/2026\/04\/JURADO_BOTONES.png 300w, https:\/\/www.premiosjuegoresponsable.es\/wp-content\/uploads\/2026\/04\/JURADO_BOTONES-150x150.png 150w\" sizes=\"auto, (max-width: 300px) 100vw, 300px\" \/><\/figure><div class=\"wp-block-media-text__content\">\n<p id=\"fernando-fernandez-de-troconiz\"><strong>Pol Gonz\u00e1lez<\/strong><\/p>\n\n\n\n<p>Responsable de Controlling y Desarrollo. Director de Juego Responsable y RSC en Casinos Grup Peralada.<\/p>\n<\/div><\/div>\n\n\n\n<div style=\"height:30px\" aria-hidden=\"true\" class=\"wp-block-spacer\"><\/div>\n\n\n\n<div class=\"wp-block-media-text alignwide is-stacked-on-mobile\" style=\"grid-template-columns:15% auto\"><figure class=\"wp-block-media-text__media\"><img loading=\"lazy\" decoding=\"async\" width=\"300\" height=\"300\" src=\"https:\/\/www.premiosjuegoresponsable.es\/wp-content\/uploads\/2026\/04\/BENAT_BOTON.png\" alt=\"\" class=\"wp-image-3103 size-full\" srcset=\"https:\/\/www.premiosjuegoresponsable.es\/wp-content\/uploads\/2026\/04\/BENAT_BOTON.png 300w, https:\/\/www.premiosjuegoresponsable.es\/wp-content\/uploads\/2026\/04\/BENAT_BOTON-150x150.png 150w\" sizes=\"auto, (max-width: 300px) 100vw, 300px\" \/><\/figure><div class=\"wp-block-media-text__content\">\n<p id=\"fernando-fernandez-de-troconiz\"><strong>Be\u00f1at Imanol Fuentes<\/strong><\/p>\n\n\n\n<p>Jefe de la Unidad de Juego y Espect\u00e1culos de la Ertzaintza.<\/p>\n<\/div><\/div>\n\n\n\n<div style=\"height:30px\" aria-hidden=\"true\" class=\"wp-block-spacer\"><\/div>\n\n\n\n<div class=\"wp-block-media-text alignwide is-stacked-on-mobile\" style=\"grid-template-columns:15% auto\"><figure class=\"wp-block-media-text__media\"><img loading=\"lazy\" decoding=\"async\" width=\"300\" height=\"300\" src=\"https:\/\/www.premiosjuegoresponsable.es\/wp-content\/uploads\/2026\/04\/ANGEL_DIAZ_CARBAJOSA.png\" alt=\"\" class=\"wp-image-3114 size-full\" srcset=\"https:\/\/www.premiosjuegoresponsable.es\/wp-content\/uploads\/2026\/04\/ANGEL_DIAZ_CARBAJOSA.png 300w, https:\/\/www.premiosjuegoresponsable.es\/wp-content\/uploads\/2026\/04\/ANGEL_DIAZ_CARBAJOSA-150x150.png 150w\" sizes=\"auto, (max-width: 300px) 100vw, 300px\" \/><\/figure><div class=\"wp-block-media-text__content\">\n<p id=\"fernando-fernandez-de-troconiz\"><strong>\u00c1ngel D\u00edaz Carbajosa<\/strong><\/p>\n\n\n\n<p>Presidente de Grupo DC.<\/p>\n<\/div><\/div>\n\n\n\n<div style=\"height:30px\" aria-hidden=\"true\" class=\"wp-block-spacer\"><\/div>\n\n\n\n<div class=\"wp-block-media-text alignwide is-stacked-on-mobile\" style=\"grid-template-columns:15% auto\"><figure class=\"wp-block-media-text__media\"><img loading=\"lazy\" decoding=\"async\" width=\"300\" height=\"300\" src=\"https:\/\/www.premiosjuegoresponsable.es\/wp-content\/uploads\/2026\/04\/BOTON_JOSE_GONZALEZ.png\" alt=\"\" class=\"wp-image-3127 size-full\" srcset=\"https:\/\/www.premiosjuegoresponsable.es\/wp-content\/uploads\/2026\/04\/BOTON_JOSE_GONZALEZ.png 300w, https:\/\/www.premiosjuegoresponsable.es\/wp-content\/uploads\/2026\/04\/BOTON_JOSE_GONZALEZ-150x150.png 150w\" sizes=\"auto, (max-width: 300px) 100vw, 300px\" \/><\/figure><div class=\"wp-block-media-text__content\">\n<p id=\"fernando-fernandez-de-troconiz\"><strong>Jos\u00e9 Gonz\u00e1lez Su\u00e1rez<\/strong><\/p>\n\n\n\n<p>Adjunto a la Presidencia de LUCKIA.<\/p>\n<\/div><\/div>\n\n\n\n<div style=\"height:30px\" aria-hidden=\"true\" class=\"wp-block-spacer\"><\/div>\n\n\n\n<div class=\"wp-block-media-text alignwide is-stacked-on-mobile\" style=\"grid-template-columns:15% auto\"><figure class=\"wp-block-media-text__media\"><img loading=\"lazy\" decoding=\"async\" width=\"300\" height=\"300\" src=\"https:\/\/www.premiosjuegoresponsable.es\/wp-content\/uploads\/2025\/05\/DARMIN_BELMAR.png\" alt=\"\" class=\"wp-image-2675 size-full\" srcset=\"https:\/\/www.premiosjuegoresponsable.es\/wp-content\/uploads\/2025\/05\/DARMIN_BELMAR.png 300w, https:\/\/www.premiosjuegoresponsable.es\/wp-content\/uploads\/2025\/05\/DARMIN_BELMAR-150x150.png 150w\" sizes=\"auto, (max-width: 300px) 100vw, 300px\" \/><\/figure><div class=\"wp-block-media-text__content\">\n<p id=\"fernando-fernandez-de-troconiz\"><strong>Padre Jos\u00e9 Darm\u00edn Belmar<\/strong><\/p>\n\n\n\n<p>Sacerdote.<\/p>\n<\/div><\/div>\n","protected":false},"excerpt":{"rendered":"<p>En actualizaci\u00f3n&#8230; Jacqueline Mecinas Presidenta del Jurado. Ram\u00f3n Cubi\u00e1n Director General del Suelo y de la Oficina de Madrid Nuevo Norte y Responsable de Juego de Comunidad de Madrid. Gracia Mart\u00edn-Duarte Subdirectora General de Ordenaci\u00f3n y Gesti\u00f3n del Juego de la Comunidad de Madrid. Antonio Dur\u00e1n CEO en E-Gaming Spain. Santiago Asensi Director en Asensi [&hellip;]<\/p>\n","protected":false},"author":1,"featured_media":0,"parent":0,"menu_order":0,"comment_status":"closed","ping_status":"closed","template":"","meta":{"_monsterinsights_skip_tracking":false,"_monsterinsights_sitenote_active":false,"_monsterinsights_sitenote_note":"","_monsterinsights_sitenote_category":0,"footnotes":""},"class_list":["post-3041","page","type-page","status-publish","hentry"],"yoast_head":"<!-- This site is optimized with the Yoast SEO plugin v27.4 - https:\/\/yoast.com\/product\/yoast-seo-wordpress\/ -->\n<title>Jurado - Premios INFOPLAY al Juego Responsable y RSC<\/title>\n<meta name=\"robots\" content=\"noindex, follow, max-snippet:-1, max-image-preview:large, max-video-preview:-1\" \/>\n<meta property=\"og:locale\" content=\"es_ES\" \/>\n<meta property=\"og:type\" content=\"article\" \/>\n<meta property=\"og:title\" content=\"Jurado - Premios INFOPLAY al Juego Responsable y RSC\" \/>\n<meta property=\"og:description\" content=\"En actualizaci\u00f3n&#8230; Jacqueline Mecinas Presidenta del Jurado. Ram\u00f3n Cubi\u00e1n Director General del Suelo y de la Oficina de Madrid Nuevo Norte y Responsable de Juego de Comunidad de Madrid. Gracia Mart\u00edn-Duarte Subdirectora General de Ordenaci\u00f3n y Gesti\u00f3n del Juego de la Comunidad de Madrid. Antonio Dur\u00e1n CEO en E-Gaming Spain. Santiago Asensi Director en Asensi [&hellip;]\" \/>\n<meta property=\"og:url\" content=\"https:\/\/www.premiosjuegoresponsable.es\/?page_id=3041\" \/>\n<meta property=\"og:site_name\" content=\"Premios INFOPLAY al Juego Responsable y RSC\" \/>\n<meta property=\"article:modified_time\" content=\"2026-05-05T06:49:02+00:00\" \/>\n<meta property=\"og:image\" content=\"https:\/\/www.premiosjuegoresponsable.es\/wp-content\/uploads\/2025\/04\/JACQUELINE_MECINAS.png\" \/>\n\t<meta property=\"og:image:width\" content=\"300\" \/>\n\t<meta property=\"og:image:height\" content=\"300\" \/>\n\t<meta property=\"og:image:type\" content=\"image\/png\" \/>\n<meta name=\"twitter:card\" content=\"summary_large_image\" \/>\n<meta name=\"twitter:label1\" content=\"Tiempo de lectura\" \/>\n\t<meta name=\"twitter:data1\" content=\"4 minutos\" \/>\n<script type=\"application\/ld+json\" class=\"yoast-schema-graph\">{\"@context\":\"https:\\\/\\\/schema.org\",\"@graph\":[{\"@type\":\"WebPage\",\"@id\":\"https:\\\/\\\/www.premiosjuegoresponsable.es\\\/?page_id=3041\",\"url\":\"https:\\\/\\\/www.premiosjuegoresponsable.es\\\/?page_id=3041\",\"name\":\"Jurado - Premios INFOPLAY al Juego Responsable y RSC\",\"isPartOf\":{\"@id\":\"https:\\\/\\\/www.premiosjuegoresponsable.es\\\/#website\"},\"primaryImageOfPage\":{\"@id\":\"https:\\\/\\\/www.premiosjuegoresponsable.es\\\/?page_id=3041#primaryimage\"},\"image\":{\"@id\":\"https:\\\/\\\/www.premiosjuegoresponsable.es\\\/?page_id=3041#primaryimage\"},\"thumbnailUrl\":\"https:\\\/\\\/www.premiosjuegoresponsable.es\\\/wp-content\\\/uploads\\\/2025\\\/04\\\/JACQUELINE_MECINAS.png\",\"datePublished\":\"2026-03-10T10:59:05+00:00\",\"dateModified\":\"2026-05-05T06:49:02+00:00\",\"breadcrumb\":{\"@id\":\"https:\\\/\\\/www.premiosjuegoresponsable.es\\\/?page_id=3041#breadcrumb\"},\"inLanguage\":\"es\",\"potentialAction\":[{\"@type\":\"ReadAction\",\"target\":[\"https:\\\/\\\/www.premiosjuegoresponsable.es\\\/?page_id=3041\"]}]},{\"@type\":\"ImageObject\",\"inLanguage\":\"es\",\"@id\":\"https:\\\/\\\/www.premiosjuegoresponsable.es\\\/?page_id=3041#primaryimage\",\"url\":\"https:\\\/\\\/www.premiosjuegoresponsable.es\\\/wp-content\\\/uploads\\\/2025\\\/04\\\/JACQUELINE_MECINAS.png\",\"contentUrl\":\"https:\\\/\\\/www.premiosjuegoresponsable.es\\\/wp-content\\\/uploads\\\/2025\\\/04\\\/JACQUELINE_MECINAS.png\",\"width\":300,\"height\":300},{\"@type\":\"BreadcrumbList\",\"@id\":\"https:\\\/\\\/www.premiosjuegoresponsable.es\\\/?page_id=3041#breadcrumb\",\"itemListElement\":[{\"@type\":\"ListItem\",\"position\":1,\"name\":\"Portada\",\"item\":\"https:\\\/\\\/www.premiosjuegoresponsable.es\\\/\"},{\"@type\":\"ListItem\",\"position\":2,\"name\":\"Jurado\"}]},{\"@type\":\"WebSite\",\"@id\":\"https:\\\/\\\/www.premiosjuegoresponsable.es\\\/#website\",\"url\":\"https:\\\/\\\/www.premiosjuegoresponsable.es\\\/\",\"name\":\"Premios INFOPLAY al Juego Responsable y RSC\",\"description\":\"\",\"potentialAction\":[{\"@type\":\"SearchAction\",\"target\":{\"@type\":\"EntryPoint\",\"urlTemplate\":\"https:\\\/\\\/www.premiosjuegoresponsable.es\\\/?s={search_term_string}\"},\"query-input\":{\"@type\":\"PropertyValueSpecification\",\"valueRequired\":true,\"valueName\":\"search_term_string\"}}],\"inLanguage\":\"es\"}]}<\/script>\n<!-- \/ Yoast SEO plugin. -->","yoast_head_json":{"title":"Jurado - Premios INFOPLAY al Juego Responsable y RSC","robots":{"index":"noindex","follow":"follow","max-snippet":"max-snippet:-1","max-image-preview":"max-image-preview:large","max-video-preview":"max-video-preview:-1"},"og_locale":"es_ES","og_type":"article","og_title":"Jurado - Premios INFOPLAY al Juego Responsable y RSC","og_description":"En actualizaci\u00f3n&#8230; Jacqueline Mecinas Presidenta del Jurado. Ram\u00f3n Cubi\u00e1n Director General del Suelo y de la Oficina de Madrid Nuevo Norte y Responsable de Juego de Comunidad de Madrid. Gracia Mart\u00edn-Duarte Subdirectora General de Ordenaci\u00f3n y Gesti\u00f3n del Juego de la Comunidad de Madrid. Antonio Dur\u00e1n CEO en E-Gaming Spain. Santiago Asensi Director en Asensi [&hellip;]","og_url":"https:\/\/www.premiosjuegoresponsable.es\/?page_id=3041","og_site_name":"Premios INFOPLAY al Juego Responsable y RSC","article_modified_time":"2026-05-05T06:49:02+00:00","og_image":[{"width":300,"height":300,"url":"https:\/\/www.premiosjuegoresponsable.es\/wp-content\/uploads\/2025\/04\/JACQUELINE_MECINAS.png","type":"image\/png"}],"twitter_card":"summary_large_image","twitter_misc":{"Tiempo de lectura":"4 minutos"},"schema":{"@context":"https:\/\/schema.org","@graph":[{"@type":"WebPage","@id":"https:\/\/www.premiosjuegoresponsable.es\/?page_id=3041","url":"https:\/\/www.premiosjuegoresponsable.es\/?page_id=3041","name":"Jurado - Premios INFOPLAY al Juego Responsable y RSC","isPartOf":{"@id":"https:\/\/www.premiosjuegoresponsable.es\/#website"},"primaryImageOfPage":{"@id":"https:\/\/www.premiosjuegoresponsable.es\/?page_id=3041#primaryimage"},"image":{"@id":"https:\/\/www.premiosjuegoresponsable.es\/?page_id=3041#primaryimage"},"thumbnailUrl":"https:\/\/www.premiosjuegoresponsable.es\/wp-content\/uploads\/2025\/04\/JACQUELINE_MECINAS.png","datePublished":"2026-03-10T10:59:05+00:00","dateModified":"2026-05-05T06:49:02+00:00","breadcrumb":{"@id":"https:\/\/www.premiosjuegoresponsable.es\/?page_id=3041#breadcrumb"},"inLanguage":"es","potentialAction":[{"@type":"ReadAction","target":["https:\/\/www.premiosjuegoresponsable.es\/?page_id=3041"]}]},{"@type":"ImageObject","inLanguage":"es","@id":"https:\/\/www.premiosjuegoresponsable.es\/?page_id=3041#primaryimage","url":"https:\/\/www.premiosjuegoresponsable.es\/wp-content\/uploads\/2025\/04\/JACQUELINE_MECINAS.png","contentUrl":"https:\/\/www.premiosjuegoresponsable.es\/wp-content\/uploads\/2025\/04\/JACQUELINE_MECINAS.png","width":300,"height":300},{"@type":"BreadcrumbList","@id":"https:\/\/www.premiosjuegoresponsable.es\/?page_id=3041#breadcrumb","itemListElement":[{"@type":"ListItem","position":1,"name":"Portada","item":"https:\/\/www.premiosjuegoresponsable.es\/"},{"@type":"ListItem","position":2,"name":"Jurado"}]},{"@type":"WebSite","@id":"https:\/\/www.premiosjuegoresponsable.es\/#website","url":"https:\/\/www.premiosjuegoresponsable.es\/","name":"Premios INFOPLAY al Juego Responsable y RSC","description":"","potentialAction":[{"@type":"SearchAction","target":{"@type":"EntryPoint","urlTemplate":"https:\/\/www.premiosjuegoresponsable.es\/?s={search_term_string}"},"query-input":{"@type":"PropertyValueSpecification","valueRequired":true,"valueName":"search_term_string"}}],"inLanguage":"es"}]}},"_links":{"self":[{"href":"https:\/\/www.premiosjuegoresponsable.es\/index.php?rest_route=\/wp\/v2\/pages\/3041","targetHints":{"allow":["GET"]}}],"collection":[{"href":"https:\/\/www.premiosjuegoresponsable.es\/index.php?rest_route=\/wp\/v2\/pages"}],"about":[{"href":"https:\/\/www.premiosjuegoresponsable.es\/index.php?rest_route=\/wp\/v2\/types\/page"}],"author":[{"embeddable":true,"href":"https:\/\/www.premiosjuegoresponsable.es\/index.php?rest_route=\/wp\/v2\/users\/1"}],"replies":[{"embeddable":true,"href":"https:\/\/www.premiosjuegoresponsable.es\/index.php?rest_route=%2Fwp%2Fv2%2Fcomments&post=3041"}],"version-history":[{"count":9,"href":"https:\/\/www.premiosjuegoresponsable.es\/index.php?rest_route=\/wp\/v2\/pages\/3041\/revisions"}],"predecessor-version":[{"id":3133,"href":"https:\/\/www.premiosjuegoresponsable.es\/index.php?rest_route=\/wp\/v2\/pages\/3041\/revisions\/3133"}],"wp:attachment":[{"href":"https:\/\/www.premiosjuegoresponsable.es\/index.php?rest_route=%2Fwp%2Fv2%2Fmedia&parent=3041"}],"curies":[{"name":"wp","href":"https:\/\/api.w.org\/{rel}","templated":true}]}}