{"id":2635,"date":"2025-05-05T05:52:33","date_gmt":"2025-05-05T04:52:33","guid":{"rendered":"https:\/\/www.premiosjuegoresponsable.es\/?page_id=2635"},"modified":"2025-06-04T09:27:04","modified_gmt":"2025-06-04T08:27:04","slug":"iii-desayuno-rsc-y-jornada-cultural-grup-peralada","status":"publish","type":"page","link":"https:\/\/www.premiosjuegoresponsable.es\/?page_id=2635","title":{"rendered":"III Desayuno RSC y Jornada Cultural &#8211; Grup Peralada"},"content":{"rendered":"\n<h2 class=\"wp-block-heading\">DESAYUNO RSC Y JORNADA CULTURAL EN EL UNIVERSO PERELADA<\/h2>\n\n\n\n<div style=\"height:50px\" aria-hidden=\"true\" class=\"wp-block-spacer\"><\/div>\n\n\n<div class=\"wp-block-image is-style-default\">\n<figure class=\"aligncenter size-full is-resized\"><img loading=\"lazy\" decoding=\"async\" width=\"990\" height=\"432\" src=\"https:\/\/www.premiosjuegoresponsable.es\/wp-content\/uploads\/2025\/05\/GRUP_PERALADA.png\" alt=\"\" class=\"wp-image-2637\" style=\"width:400px;height:auto\" srcset=\"https:\/\/www.premiosjuegoresponsable.es\/wp-content\/uploads\/2025\/05\/GRUP_PERALADA.png 990w, https:\/\/www.premiosjuegoresponsable.es\/wp-content\/uploads\/2025\/05\/GRUP_PERALADA-300x131.png 300w, https:\/\/www.premiosjuegoresponsable.es\/wp-content\/uploads\/2025\/05\/GRUP_PERALADA-768x335.png 768w\" sizes=\"auto, (max-width: 990px) 100vw, 990px\" \/><\/figure>\n<\/div>\n\n\n<div style=\"height:50px\" aria-hidden=\"true\" class=\"wp-block-spacer\"><\/div>\n\n\n\n<div class=\"alignnormal\"><div id=\"metaslider-id-2698\" style=\"width: 100%;\" class=\"ml-slider-3-92-0 metaslider metaslider-flex metaslider-2698 ml-slider ms-theme-default\" role=\"region\" aria-roledescription=\"Slideshow\" aria-label=\"Desayunos JR 3\">\n    <div id=\"metaslider_container_2698\">\n        <div id=\"metaslider_2698\">\n            <ul class='slides'>\n                <li style=\"display: block; width: 100%;\" class=\"slide-2708 ms-image \" aria-roledescription=\"slide\" aria-label=\"slide-2708\"><img loading=\"lazy\" decoding=\"async\" src=\"https:\/\/www.premiosjuegoresponsable.es\/wp-content\/uploads\/2025\/05\/primeras-fotos-del-tercer-desayuno-de-trabajo-sobre-rsc-y-juego-responsable-orga746-43.jpg\" height=\"800\" width=\"1200\" alt=\"\" class=\"slider-2698 slide-2708\" title=\"primeras-fotos-del-tercer-desayuno-de-trabajo-sobre-rsc-y-juego-responsable-orga746-43\" \/><\/li>\n                <li style=\"display: none; width: 100%;\" class=\"slide-2709 ms-image \" aria-roledescription=\"slide\" aria-label=\"slide-2709\"><img loading=\"lazy\" decoding=\"async\" src=\"https:\/\/www.premiosjuegoresponsable.es\/wp-content\/uploads\/2025\/05\/primeras-fotos-del-tercer-desayuno-de-trabajo-sobre-rsc-y-juego-responsable-orga746-38.jpg\" height=\"800\" width=\"1200\" alt=\"\" class=\"slider-2698 slide-2709\" title=\"primeras-fotos-del-tercer-desayuno-de-trabajo-sobre-rsc-y-juego-responsable-orga746-38\" \/><\/li>\n                <li style=\"display: none; width: 100%;\" class=\"slide-2710 ms-image \" aria-roledescription=\"slide\" aria-label=\"slide-2710\"><img loading=\"lazy\" decoding=\"async\" src=\"https:\/\/www.premiosjuegoresponsable.es\/wp-content\/uploads\/2025\/05\/primeras-fotos-del-tercer-desayuno-de-trabajo-sobre-rsc-y-juego-responsable-orga746-24.jpg\" height=\"800\" width=\"1200\" alt=\"\" class=\"slider-2698 slide-2710\" title=\"primeras-fotos-del-tercer-desayuno-de-trabajo-sobre-rsc-y-juego-responsable-orga746-24\" \/><\/li>\n                <li style=\"display: none; width: 100%;\" class=\"slide-2713 ms-image \" aria-roledescription=\"slide\" aria-label=\"slide-2713\"><img loading=\"lazy\" decoding=\"async\" src=\"https:\/\/www.premiosjuegoresponsable.es\/wp-content\/uploads\/2025\/05\/primeras-fotos-del-tercer-desayuno-de-trabajo-sobre-rsc-y-juego-responsable-orga746-3.jpg\" height=\"800\" width=\"1200\" alt=\"\" class=\"slider-2698 slide-2713\" title=\"primeras-fotos-del-tercer-desayuno-de-trabajo-sobre-rsc-y-juego-responsable-orga746-3\" \/><\/li>\n                <li style=\"display: none; width: 100%;\" class=\"slide-2711 ms-image \" aria-roledescription=\"slide\" aria-label=\"slide-2711\"><img loading=\"lazy\" decoding=\"async\" src=\"https:\/\/www.premiosjuegoresponsable.es\/wp-content\/uploads\/2025\/05\/primeras-fotos-del-tercer-desayuno-de-trabajo-sobre-rsc-y-juego-responsable-orga746-15.jpg\" height=\"800\" width=\"1200\" alt=\"\" class=\"slider-2698 slide-2711\" title=\"primeras-fotos-del-tercer-desayuno-de-trabajo-sobre-rsc-y-juego-responsable-orga746-15\" \/><\/li>\n                <li style=\"display: none; width: 100%;\" class=\"slide-2712 ms-image \" aria-roledescription=\"slide\" aria-label=\"slide-2712\"><img loading=\"lazy\" decoding=\"async\" src=\"https:\/\/www.premiosjuegoresponsable.es\/wp-content\/uploads\/2025\/05\/primeras-fotos-del-tercer-desayuno-de-trabajo-sobre-rsc-y-juego-responsable-orga746-8.jpg\" height=\"800\" width=\"1200\" alt=\"\" class=\"slider-2698 slide-2712\" title=\"primeras-fotos-del-tercer-desayuno-de-trabajo-sobre-rsc-y-juego-responsable-orga746-8\" \/><\/li>\n                <li style=\"display: none; width: 100%;\" class=\"slide-2707 ms-image \" aria-roledescription=\"slide\" aria-label=\"slide-2707\"><img loading=\"lazy\" decoding=\"async\" src=\"https:\/\/www.premiosjuegoresponsable.es\/wp-content\/uploads\/2025\/05\/primeras-fotos-del-tercer-desayuno-de-trabajo-sobre-rsc-y-juego-responsable-orga746-65.jpg\" height=\"800\" width=\"1200\" alt=\"\" class=\"slider-2698 slide-2707\" title=\"primeras-fotos-del-tercer-desayuno-de-trabajo-sobre-rsc-y-juego-responsable-orga746-65\" \/><\/li>\n            <\/ul>\n        <\/div>\n        \n    <\/div>\n<\/div><\/div>\n\n\n\n<div style=\"height:50px\" aria-hidden=\"true\" class=\"wp-block-spacer\"><\/div>\n\n\n\n<h2 class=\"wp-block-heading\">Resumen<\/h2>\n\n\n\n<div style=\"height:50px\" aria-hidden=\"true\" class=\"wp-block-spacer\"><\/div>\n\n\n\n<figure class=\"wp-block-embed is-type-video is-provider-youtube wp-block-embed-youtube wp-embed-aspect-16-9 wp-has-aspect-ratio\"><div class=\"wp-block-embed__wrapper\">\n<iframe loading=\"lazy\" title=\"Jornada sobre JR y RSC organizada por Premios al Juego Responsable y RSC y Grup Peralada\" width=\"1170\" height=\"658\" src=\"https:\/\/www.youtube.com\/embed\/AkqiC12oqCo?feature=oembed\" frameborder=\"0\" allow=\"accelerometer; autoplay; clipboard-write; encrypted-media; gyroscope; picture-in-picture; web-share\" referrerpolicy=\"strict-origin-when-cross-origin\" allowfullscreen><\/iframe>\n<\/div><\/figure>\n\n\n\n<div style=\"height:50px\" aria-hidden=\"true\" class=\"wp-block-spacer\"><\/div>\n\n\n\n<h2 class=\"wp-block-heading\">V\u00eddeo completo<\/h2>\n\n\n\n<div style=\"height:50px\" aria-hidden=\"true\" class=\"wp-block-spacer\"><\/div>\n\n\n\n<figure class=\"wp-block-embed is-type-video is-provider-youtube wp-block-embed-youtube wp-embed-aspect-16-9 wp-has-aspect-ratio\"><div class=\"wp-block-embed__wrapper\">\n<iframe loading=\"lazy\" title=\"IIII DESAYUNO DE TRABAJO sobre Juego Responsable y RSC\" width=\"1170\" height=\"658\" src=\"https:\/\/www.youtube.com\/embed\/3rltiGr_lQY?feature=oembed\" frameborder=\"0\" allow=\"accelerometer; autoplay; clipboard-write; encrypted-media; gyroscope; picture-in-picture; web-share\" referrerpolicy=\"strict-origin-when-cross-origin\" allowfullscreen><\/iframe>\n<\/div><\/figure>\n\n\n\n<div style=\"height:50px\" aria-hidden=\"true\" class=\"wp-block-spacer\"><\/div>\n\n\n\n<h2 class=\"wp-block-heading\">\u00daltimas noticias<\/h2>\n\n\n\n<div style=\"height:50px\" aria-hidden=\"true\" class=\"wp-block-spacer\"><\/div>\n\n\n<ul class=\"wp-block-latest-posts__list has-dates wp-block-latest-posts has-medium-font-size\"><li><a class=\"wp-block-latest-posts__post-title\" href=\"https:\/\/www.premiosjuegoresponsable.es\/?p=2788\">V\u00cdDEO COMPLETO: &#8220;El Matiz Peralada&#8221; &#8211; Un desayuno de trabajo para celebrar el compromiso del Grupo Peralada con el juego responsable y la cultura<\/a><time datetime=\"2025-06-04T09:25:38+01:00\" class=\"wp-block-latest-posts__post-date\">4 de junio de 2025<\/time><\/li>\n<li><a class=\"wp-block-latest-posts__post-title\" href=\"https:\/\/www.premiosjuegoresponsable.es\/?p=2780\">Presentamos en exclusiva el V\u00cdDEO adelanto del desayuno de trabajo celebrado en el Castillo de Peralada<\/a><time datetime=\"2025-06-03T09:38:26+01:00\" class=\"wp-block-latest-posts__post-date\">3 de junio de 2025<\/time><\/li>\n<li><a class=\"wp-block-latest-posts__post-title\" href=\"https:\/\/www.premiosjuegoresponsable.es\/?p=2725\">EL PRIMER V\u00cdDEO &#8211; Breve resumen de un d\u00eda inolvidable de RSC y Juego Responsable en Peralada<\/a><time datetime=\"2025-05-21T08:49:23+01:00\" class=\"wp-block-latest-posts__post-date\">21 de mayo de 2025<\/time><\/li>\n<li><a class=\"wp-block-latest-posts__post-title\" href=\"https:\/\/www.premiosjuegoresponsable.es\/?p=2694\">PRIMERAS FOTOS\u00a0 Tercer Desayuno de trabajo sobre RSC y Juego Responsable organizado por los Premios al Juego Responsable y el Grup Peralada<\/a><time datetime=\"2025-05-20T09:57:47+01:00\" class=\"wp-block-latest-posts__post-date\">20 de mayo de 2025<\/time><\/li>\n<li><a class=\"wp-block-latest-posts__post-title\" href=\"https:\/\/www.premiosjuegoresponsable.es\/?p=2657\">Miguel Suqu\u00e9 inaugurar\u00e1 el Desayuno sobre RSC y Juego Responsable en el Castillo de Peralada<\/a><time datetime=\"2025-05-07T08:11:04+01:00\" class=\"wp-block-latest-posts__post-date\">7 de mayo de 2025<\/time><\/li>\n<li><a class=\"wp-block-latest-posts__post-title\" href=\"https:\/\/www.premiosjuegoresponsable.es\/?p=2642\">PERELADA acoger\u00e1 el III Desayuno RSC y Jornada Cultural, el 15 de mayo: una cita con el compromiso, la cultura y la sostenibilidad<\/a><time datetime=\"2025-04-25T05:51:24+01:00\" class=\"wp-block-latest-posts__post-date\">25 de abril de 2025<\/time><\/li>\n<li><a class=\"wp-block-latest-posts__post-title\" href=\"https:\/\/www.premiosjuegoresponsable.es\/?p=2638\">Muy pronto, anunciaremos la III edici\u00f3n de nuestros Desayunos RSC, acompa\u00f1ada de una experiencia cultural y vin\u00edcola \u00fanica<\/a><time datetime=\"2025-04-11T05:50:18+01:00\" class=\"wp-block-latest-posts__post-date\">11 de abril de 2025<\/time><\/li>\n<\/ul>","protected":false},"excerpt":{"rendered":"<p>DESAYUNO RSC Y JORNADA CULTURAL EN EL UNIVERSO PERELADA Resumen V\u00eddeo completo \u00daltimas noticias<\/p>\n","protected":false},"author":1,"featured_media":0,"parent":0,"menu_order":0,"comment_status":"closed","ping_status":"closed","template":"templates\/template-page-full-width.php","meta":{"_monsterinsights_skip_tracking":false,"_monsterinsights_sitenote_active":false,"_monsterinsights_sitenote_note":"","_monsterinsights_sitenote_category":0,"footnotes":""},"class_list":["post-2635","page","type-page","status-publish","hentry"],"yoast_head":"<!-- This site is optimized with the Yoast SEO plugin v27.4 - https:\/\/yoast.com\/product\/yoast-seo-wordpress\/ -->\n<title>III Desayuno RSC y Jornada Cultural - Grup Peralada - Premios INFOPLAY al Juego Responsable y RSC<\/title>\n<meta name=\"robots\" content=\"noindex, follow, max-snippet:-1, max-image-preview:large, max-video-preview:-1\" \/>\n<meta property=\"og:locale\" content=\"es_ES\" \/>\n<meta property=\"og:type\" content=\"article\" \/>\n<meta property=\"og:title\" content=\"III Desayuno RSC y Jornada Cultural - Grup Peralada - Premios INFOPLAY al Juego Responsable y RSC\" \/>\n<meta property=\"og:description\" content=\"DESAYUNO RSC Y JORNADA CULTURAL EN EL UNIVERSO PERELADA Resumen V\u00eddeo completo \u00daltimas noticias\" \/>\n<meta property=\"og:url\" content=\"https:\/\/www.premiosjuegoresponsable.es\/?page_id=2635\" \/>\n<meta property=\"og:site_name\" content=\"Premios INFOPLAY al Juego Responsable y RSC\" \/>\n<meta property=\"article:modified_time\" content=\"2025-06-04T08:27:04+00:00\" \/>\n<meta property=\"og:image\" content=\"https:\/\/www.premiosjuegoresponsable.es\/wp-content\/uploads\/2025\/05\/GRUP_PERALADA.png\" \/>\n\t<meta property=\"og:image:width\" content=\"990\" \/>\n\t<meta property=\"og:image:height\" content=\"432\" \/>\n\t<meta property=\"og:image:type\" content=\"image\/png\" \/>\n<meta name=\"twitter:card\" content=\"summary_large_image\" \/>\n<script type=\"application\/ld+json\" class=\"yoast-schema-graph\">{\"@context\":\"https:\\\/\\\/schema.org\",\"@graph\":[{\"@type\":\"WebPage\",\"@id\":\"https:\\\/\\\/www.premiosjuegoresponsable.es\\\/?page_id=2635\",\"url\":\"https:\\\/\\\/www.premiosjuegoresponsable.es\\\/?page_id=2635\",\"name\":\"III Desayuno RSC y Jornada Cultural - Grup Peralada - Premios INFOPLAY al Juego Responsable y RSC\",\"isPartOf\":{\"@id\":\"https:\\\/\\\/www.premiosjuegoresponsable.es\\\/#website\"},\"primaryImageOfPage\":{\"@id\":\"https:\\\/\\\/www.premiosjuegoresponsable.es\\\/?page_id=2635#primaryimage\"},\"image\":{\"@id\":\"https:\\\/\\\/www.premiosjuegoresponsable.es\\\/?page_id=2635#primaryimage\"},\"thumbnailUrl\":\"https:\\\/\\\/www.premiosjuegoresponsable.es\\\/wp-content\\\/uploads\\\/2025\\\/05\\\/GRUP_PERALADA.png\",\"datePublished\":\"2025-05-05T04:52:33+00:00\",\"dateModified\":\"2025-06-04T08:27:04+00:00\",\"breadcrumb\":{\"@id\":\"https:\\\/\\\/www.premiosjuegoresponsable.es\\\/?page_id=2635#breadcrumb\"},\"inLanguage\":\"es\",\"potentialAction\":[{\"@type\":\"ReadAction\",\"target\":[\"https:\\\/\\\/www.premiosjuegoresponsable.es\\\/?page_id=2635\"]}]},{\"@type\":\"ImageObject\",\"inLanguage\":\"es\",\"@id\":\"https:\\\/\\\/www.premiosjuegoresponsable.es\\\/?page_id=2635#primaryimage\",\"url\":\"https:\\\/\\\/www.premiosjuegoresponsable.es\\\/wp-content\\\/uploads\\\/2025\\\/05\\\/GRUP_PERALADA.png\",\"contentUrl\":\"https:\\\/\\\/www.premiosjuegoresponsable.es\\\/wp-content\\\/uploads\\\/2025\\\/05\\\/GRUP_PERALADA.png\",\"width\":990,\"height\":432},{\"@type\":\"BreadcrumbList\",\"@id\":\"https:\\\/\\\/www.premiosjuegoresponsable.es\\\/?page_id=2635#breadcrumb\",\"itemListElement\":[{\"@type\":\"ListItem\",\"position\":1,\"name\":\"Portada\",\"item\":\"https:\\\/\\\/www.premiosjuegoresponsable.es\\\/\"},{\"@type\":\"ListItem\",\"position\":2,\"name\":\"III Desayuno RSC y Jornada Cultural &#8211; Grup Peralada\"}]},{\"@type\":\"WebSite\",\"@id\":\"https:\\\/\\\/www.premiosjuegoresponsable.es\\\/#website\",\"url\":\"https:\\\/\\\/www.premiosjuegoresponsable.es\\\/\",\"name\":\"Premios INFOPLAY al Juego Responsable y RSC\",\"description\":\"\",\"potentialAction\":[{\"@type\":\"SearchAction\",\"target\":{\"@type\":\"EntryPoint\",\"urlTemplate\":\"https:\\\/\\\/www.premiosjuegoresponsable.es\\\/?s={search_term_string}\"},\"query-input\":{\"@type\":\"PropertyValueSpecification\",\"valueRequired\":true,\"valueName\":\"search_term_string\"}}],\"inLanguage\":\"es\"}]}<\/script>\n<!-- \/ Yoast SEO plugin. -->","yoast_head_json":{"title":"III Desayuno RSC y Jornada Cultural - Grup Peralada - Premios INFOPLAY al Juego Responsable y RSC","robots":{"index":"noindex","follow":"follow","max-snippet":"max-snippet:-1","max-image-preview":"max-image-preview:large","max-video-preview":"max-video-preview:-1"},"og_locale":"es_ES","og_type":"article","og_title":"III Desayuno RSC y Jornada Cultural - Grup Peralada - Premios INFOPLAY al Juego Responsable y RSC","og_description":"DESAYUNO RSC Y JORNADA CULTURAL EN EL UNIVERSO PERELADA Resumen V\u00eddeo completo \u00daltimas noticias","og_url":"https:\/\/www.premiosjuegoresponsable.es\/?page_id=2635","og_site_name":"Premios INFOPLAY al Juego Responsable y RSC","article_modified_time":"2025-06-04T08:27:04+00:00","og_image":[{"width":990,"height":432,"url":"https:\/\/www.premiosjuegoresponsable.es\/wp-content\/uploads\/2025\/05\/GRUP_PERALADA.png","type":"image\/png"}],"twitter_card":"summary_large_image","schema":{"@context":"https:\/\/schema.org","@graph":[{"@type":"WebPage","@id":"https:\/\/www.premiosjuegoresponsable.es\/?page_id=2635","url":"https:\/\/www.premiosjuegoresponsable.es\/?page_id=2635","name":"III Desayuno RSC y Jornada Cultural - Grup Peralada - Premios INFOPLAY al Juego Responsable y RSC","isPartOf":{"@id":"https:\/\/www.premiosjuegoresponsable.es\/#website"},"primaryImageOfPage":{"@id":"https:\/\/www.premiosjuegoresponsable.es\/?page_id=2635#primaryimage"},"image":{"@id":"https:\/\/www.premiosjuegoresponsable.es\/?page_id=2635#primaryimage"},"thumbnailUrl":"https:\/\/www.premiosjuegoresponsable.es\/wp-content\/uploads\/2025\/05\/GRUP_PERALADA.png","datePublished":"2025-05-05T04:52:33+00:00","dateModified":"2025-06-04T08:27:04+00:00","breadcrumb":{"@id":"https:\/\/www.premiosjuegoresponsable.es\/?page_id=2635#breadcrumb"},"inLanguage":"es","potentialAction":[{"@type":"ReadAction","target":["https:\/\/www.premiosjuegoresponsable.es\/?page_id=2635"]}]},{"@type":"ImageObject","inLanguage":"es","@id":"https:\/\/www.premiosjuegoresponsable.es\/?page_id=2635#primaryimage","url":"https:\/\/www.premiosjuegoresponsable.es\/wp-content\/uploads\/2025\/05\/GRUP_PERALADA.png","contentUrl":"https:\/\/www.premiosjuegoresponsable.es\/wp-content\/uploads\/2025\/05\/GRUP_PERALADA.png","width":990,"height":432},{"@type":"BreadcrumbList","@id":"https:\/\/www.premiosjuegoresponsable.es\/?page_id=2635#breadcrumb","itemListElement":[{"@type":"ListItem","position":1,"name":"Portada","item":"https:\/\/www.premiosjuegoresponsable.es\/"},{"@type":"ListItem","position":2,"name":"III Desayuno RSC y Jornada Cultural &#8211; Grup Peralada"}]},{"@type":"WebSite","@id":"https:\/\/www.premiosjuegoresponsable.es\/#website","url":"https:\/\/www.premiosjuegoresponsable.es\/","name":"Premios INFOPLAY al Juego Responsable y RSC","description":"","potentialAction":[{"@type":"SearchAction","target":{"@type":"EntryPoint","urlTemplate":"https:\/\/www.premiosjuegoresponsable.es\/?s={search_term_string}"},"query-input":{"@type":"PropertyValueSpecification","valueRequired":true,"valueName":"search_term_string"}}],"inLanguage":"es"}]}},"_links":{"self":[{"href":"https:\/\/www.premiosjuegoresponsable.es\/index.php?rest_route=\/wp\/v2\/pages\/2635","targetHints":{"allow":["GET"]}}],"collection":[{"href":"https:\/\/www.premiosjuegoresponsable.es\/index.php?rest_route=\/wp\/v2\/pages"}],"about":[{"href":"https:\/\/www.premiosjuegoresponsable.es\/index.php?rest_route=\/wp\/v2\/types\/page"}],"author":[{"embeddable":true,"href":"https:\/\/www.premiosjuegoresponsable.es\/index.php?rest_route=\/wp\/v2\/users\/1"}],"replies":[{"embeddable":true,"href":"https:\/\/www.premiosjuegoresponsable.es\/index.php?rest_route=%2Fwp%2Fv2%2Fcomments&post=2635"}],"version-history":[{"count":10,"href":"https:\/\/www.premiosjuegoresponsable.es\/index.php?rest_route=\/wp\/v2\/pages\/2635\/revisions"}],"predecessor-version":[{"id":2794,"href":"https:\/\/www.premiosjuegoresponsable.es\/index.php?rest_route=\/wp\/v2\/pages\/2635\/revisions\/2794"}],"wp:attachment":[{"href":"https:\/\/www.premiosjuegoresponsable.es\/index.php?rest_route=%2Fwp%2Fv2%2Fmedia&parent=2635"}],"curies":[{"name":"wp","href":"https:\/\/api.w.org\/{rel}","templated":true}]}}