{"id":250,"date":"2021-12-08T17:55:06","date_gmt":"2021-12-08T17:55:06","guid":{"rendered":"http:\/\/www.premiosjuegoresponsable.es\/?page_id=250"},"modified":"2021-12-08T22:20:17","modified_gmt":"2021-12-08T22:20:17","slug":"ganadores-de-la-primera-edicion-de-los-premios-infoplay-al-juego-responsable","status":"publish","type":"page","link":"https:\/\/www.premiosjuegoresponsable.es\/?page_id=250","title":{"rendered":"Ganadores de la Primera Edici\u00f3n de los Premios INFOPLAY al Juego Responsable"},"content":{"rendered":"\n<div class=\"wp-block-media-text alignwide is-stacked-on-mobile is-vertically-aligned-center\" style=\"grid-template-columns:30% auto\"><figure class=\"wp-block-media-text__media\"><img loading=\"lazy\" decoding=\"async\" width=\"300\" height=\"189\" src=\"https:\/\/www.premiosjuegoresponsable.es\/wp-content\/uploads\/2021\/12\/GERMAN1-300x189.jpg\" alt=\"\" class=\"wp-image-266 size-medium\" srcset=\"https:\/\/www.premiosjuegoresponsable.es\/wp-content\/uploads\/2021\/12\/GERMAN1-300x189.jpg 300w, https:\/\/www.premiosjuegoresponsable.es\/wp-content\/uploads\/2021\/12\/GERMAN1-480x303.jpg 480w, https:\/\/www.premiosjuegoresponsable.es\/wp-content\/uploads\/2021\/12\/GERMAN1.jpg 650w\" sizes=\"auto, (max-width: 300px) 100vw, 300px\" \/><\/figure><div class=\"wp-block-media-text__content\">\n<h3 class=\"wp-block-heading\">Premio a la Personalidad de Juego Responsable<\/h3>\n\n\n\n<p>Germ\u00e1n Gusano<\/p>\n\n\n\n<div class=\"wp-block-buttons is-layout-flex wp-block-buttons-is-layout-flex\">\n<div class=\"wp-block-button has-custom-font-size is-style-outline has-small-font-size is-style-outline--1\"><a class=\"wp-block-button__link\" href=\"https:\/\/www.infoplay.info\/2018-04-23\/los-elementos-basicos-para-fortalecer-a-la-industria-son-unidad-y-dialogo-constructivo-constancia-y-comunicacion-homogenea\/5092\/noticia\/\" target=\"_blank\" rel=\"noreferrer noopener\">Leer entrevista<\/a><\/div>\n<\/div>\n<\/div><\/div>\n\n\n\n<p><\/p>\n\n\n\n<div class=\"wp-block-media-text alignwide is-stacked-on-mobile\" style=\"grid-template-columns:30% auto\"><figure class=\"wp-block-media-text__media\"><img loading=\"lazy\" decoding=\"async\" width=\"650\" height=\"434\" src=\"https:\/\/www.premiosjuegoresponsable.es\/wp-content\/uploads\/2021\/12\/Club-de-Convergentes-destaca-su-Premio-al-Juego-Responsable-1.jpg\" alt=\"\" class=\"wp-image-268 size-medium\" srcset=\"https:\/\/www.premiosjuegoresponsable.es\/wp-content\/uploads\/2021\/12\/Club-de-Convergentes-destaca-su-Premio-al-Juego-Responsable-1.jpg 650w, https:\/\/www.premiosjuegoresponsable.es\/wp-content\/uploads\/2021\/12\/Club-de-Convergentes-destaca-su-Premio-al-Juego-Responsable-1-300x200.jpg 300w, https:\/\/www.premiosjuegoresponsable.es\/wp-content\/uploads\/2021\/12\/Club-de-Convergentes-destaca-su-Premio-al-Juego-Responsable-1-480x320.jpg 480w\" sizes=\"auto, (max-width: 650px) 100vw, 650px\" \/><\/figure><div class=\"wp-block-media-text__content\">\n<h3 class=\"has-text-align-left wp-block-heading\">Asociaci\u00f3n Sectorial m\u00e1s comprometida con el Juego Responsable<\/h3>\n\n\n\n<p><strong>Club de Convergentes<\/strong><\/p>\n\n\n\n<div class=\"wp-block-buttons is-layout-flex wp-block-buttons-is-layout-flex\">\n<div class=\"wp-block-button has-custom-font-size is-style-outline has-small-font-size is-style-outline--2\"><a class=\"wp-block-button__link\" href=\"https:\/\/www.infoplay.info\/2017-11-21\/club-de-convergentes-destaca-su-premio-al-juego-responsable\/3740\/noticia\/\" target=\"_blank\" rel=\"noreferrer noopener\"><strong>Leer noticia<\/strong><\/a><\/div>\n<\/div>\n<\/div><\/div>\n\n\n\n<p><\/p>\n\n\n\n<div class=\"wp-block-media-text alignwide is-stacked-on-mobile\" style=\"grid-template-columns:30% auto\"><figure class=\"wp-block-media-text__media\"><img loading=\"lazy\" decoding=\"async\" width=\"989\" height=\"660\" src=\"https:\/\/www.premiosjuegoresponsable.es\/wp-content\/uploads\/2021\/12\/galeria-fotos-1755.jpg\" alt=\"\" class=\"wp-image-285 size-medium\" srcset=\"https:\/\/www.premiosjuegoresponsable.es\/wp-content\/uploads\/2021\/12\/galeria-fotos-1755.jpg 989w, https:\/\/www.premiosjuegoresponsable.es\/wp-content\/uploads\/2021\/12\/galeria-fotos-1755-300x200.jpg 300w, https:\/\/www.premiosjuegoresponsable.es\/wp-content\/uploads\/2021\/12\/galeria-fotos-1755-768x513.jpg 768w, https:\/\/www.premiosjuegoresponsable.es\/wp-content\/uploads\/2021\/12\/galeria-fotos-1755-480x320.jpg 480w\" sizes=\"auto, (max-width: 989px) 100vw, 989px\" \/><\/figure><div class=\"wp-block-media-text__content\">\n<h3 class=\"has-text-align-left wp-block-heading\">Empresa Comprometida con el Juego Responsable<\/h3>\n\n\n\n<p><strong><strong>Grupo Vid<\/strong><\/strong><\/p>\n<\/div><\/div>\n\n\n\n<p><\/p>\n\n\n\n<div class=\"wp-block-media-text alignwide is-stacked-on-mobile\" style=\"grid-template-columns:30% auto\"><figure class=\"wp-block-media-text__media\"><img loading=\"lazy\" decoding=\"async\" width=\"989\" height=\"660\" src=\"https:\/\/www.premiosjuegoresponsable.es\/wp-content\/uploads\/2021\/12\/galeria-fotos-1779.jpg\" alt=\"\" class=\"wp-image-287 size-medium\" srcset=\"https:\/\/www.premiosjuegoresponsable.es\/wp-content\/uploads\/2021\/12\/galeria-fotos-1779.jpg 989w, https:\/\/www.premiosjuegoresponsable.es\/wp-content\/uploads\/2021\/12\/galeria-fotos-1779-300x200.jpg 300w, https:\/\/www.premiosjuegoresponsable.es\/wp-content\/uploads\/2021\/12\/galeria-fotos-1779-768x513.jpg 768w, https:\/\/www.premiosjuegoresponsable.es\/wp-content\/uploads\/2021\/12\/galeria-fotos-1779-480x320.jpg 480w\" sizes=\"auto, (max-width: 989px) 100vw, 989px\" \/><\/figure><div class=\"wp-block-media-text__content\">\n<h3 class=\"has-text-align-left wp-block-heading\">Instituci\u00f3n m\u00e1s Comprometida con el sector y la defensa del Juego Responsable Nacional o Internacional<\/h3>\n\n\n\n<p><strong><strong><strong>Direcci\u00f3n General de Ordenaci\u00f3n del Juego<\/strong><\/strong><\/strong><\/p>\n<\/div><\/div>\n\n\n\n<p><\/p>\n\n\n\n<div class=\"wp-block-media-text alignwide is-stacked-on-mobile\" style=\"grid-template-columns:30% auto\"><figure class=\"wp-block-media-text__media\"><img loading=\"lazy\" decoding=\"async\" width=\"537\" height=\"358\" src=\"https:\/\/www.premiosjuegoresponsable.es\/wp-content\/uploads\/2021\/12\/galeria-fotos-1720.jpg\" alt=\"\" class=\"wp-image-289 size-medium\" srcset=\"https:\/\/www.premiosjuegoresponsable.es\/wp-content\/uploads\/2021\/12\/galeria-fotos-1720.jpg 537w, https:\/\/www.premiosjuegoresponsable.es\/wp-content\/uploads\/2021\/12\/galeria-fotos-1720-300x200.jpg 300w, https:\/\/www.premiosjuegoresponsable.es\/wp-content\/uploads\/2021\/12\/galeria-fotos-1720-480x320.jpg 480w\" sizes=\"auto, (max-width: 537px) 100vw, 537px\" \/><\/figure><div class=\"wp-block-media-text__content\">\n<h3 class=\"has-text-align-left wp-block-heading\">Iniciativa m\u00e1s destacada en materia de Juego Responsable de \u00e1mbito Nacional o Internacional<\/h3>\n\n\n\n<p><strong><strong><strong><strong>FEJAR<\/strong><\/strong><\/strong><\/strong><\/p>\n<\/div><\/div>\n\n\n\n<p><br><\/p>\n","protected":false},"excerpt":{"rendered":"<p>Empresa Comprometida con el Juego Responsable Grupo Vid Instituci\u00f3n m\u00e1s Comprometida con el sector y la defensa del Juego Responsable Nacional o Internacional Direcci\u00f3n General de Ordenaci\u00f3n del Juego Iniciativa m\u00e1s destacada en materia de Juego Responsable de \u00e1mbito Nacional o Internacional FEJAR<\/p>\n","protected":false},"author":1,"featured_media":0,"parent":0,"menu_order":0,"comment_status":"closed","ping_status":"closed","template":"","meta":{"_monsterinsights_skip_tracking":false,"_monsterinsights_sitenote_active":false,"_monsterinsights_sitenote_note":"","_monsterinsights_sitenote_category":0,"footnotes":""},"class_list":["post-250","page","type-page","status-publish","hentry"],"yoast_head":"<!-- This site is optimized with the Yoast SEO plugin v27.4 - https:\/\/yoast.com\/product\/yoast-seo-wordpress\/ -->\n<title>Ganadores de la Primera Edici\u00f3n de los Premios INFOPLAY al Juego Responsable - Premios INFOPLAY al Juego Responsable y RSC<\/title>\n<meta name=\"robots\" content=\"noindex, follow, max-snippet:-1, max-image-preview:large, max-video-preview:-1\" \/>\n<meta property=\"og:locale\" content=\"es_ES\" \/>\n<meta property=\"og:type\" content=\"article\" \/>\n<meta property=\"og:title\" content=\"Ganadores de la Primera Edici\u00f3n de los Premios INFOPLAY al Juego Responsable - Premios INFOPLAY al Juego Responsable y RSC\" \/>\n<meta property=\"og:description\" content=\"Empresa Comprometida con el Juego Responsable Grupo Vid Instituci\u00f3n m\u00e1s Comprometida con el sector y la defensa del Juego Responsable Nacional o Internacional Direcci\u00f3n General de Ordenaci\u00f3n del Juego Iniciativa m\u00e1s destacada en materia de Juego Responsable de \u00e1mbito Nacional o Internacional FEJAR\" \/>\n<meta property=\"og:url\" content=\"https:\/\/www.premiosjuegoresponsable.es\/?page_id=250\" \/>\n<meta property=\"og:site_name\" content=\"Premios INFOPLAY al Juego Responsable y RSC\" \/>\n<meta property=\"article:modified_time\" content=\"2021-12-08T22:20:17+00:00\" \/>\n<meta property=\"og:image\" content=\"http:\/\/www.premiosjuegoresponsable.es\/wp-content\/uploads\/2021\/12\/GERMAN1-300x189.jpg\" \/>\n<meta name=\"twitter:card\" content=\"summary_large_image\" \/>\n<script type=\"application\/ld+json\" class=\"yoast-schema-graph\">{\"@context\":\"https:\\\/\\\/schema.org\",\"@graph\":[{\"@type\":\"WebPage\",\"@id\":\"https:\\\/\\\/www.premiosjuegoresponsable.es\\\/?page_id=250\",\"url\":\"https:\\\/\\\/www.premiosjuegoresponsable.es\\\/?page_id=250\",\"name\":\"Ganadores de la Primera Edici\u00f3n de los Premios INFOPLAY al Juego Responsable - Premios INFOPLAY al Juego Responsable y RSC\",\"isPartOf\":{\"@id\":\"https:\\\/\\\/www.premiosjuegoresponsable.es\\\/#website\"},\"primaryImageOfPage\":{\"@id\":\"https:\\\/\\\/www.premiosjuegoresponsable.es\\\/?page_id=250#primaryimage\"},\"image\":{\"@id\":\"https:\\\/\\\/www.premiosjuegoresponsable.es\\\/?page_id=250#primaryimage\"},\"thumbnailUrl\":\"http:\\\/\\\/www.premiosjuegoresponsable.es\\\/wp-content\\\/uploads\\\/2021\\\/12\\\/GERMAN1-300x189.jpg\",\"datePublished\":\"2021-12-08T17:55:06+00:00\",\"dateModified\":\"2021-12-08T22:20:17+00:00\",\"breadcrumb\":{\"@id\":\"https:\\\/\\\/www.premiosjuegoresponsable.es\\\/?page_id=250#breadcrumb\"},\"inLanguage\":\"es\",\"potentialAction\":[{\"@type\":\"ReadAction\",\"target\":[\"https:\\\/\\\/www.premiosjuegoresponsable.es\\\/?page_id=250\"]}]},{\"@type\":\"ImageObject\",\"inLanguage\":\"es\",\"@id\":\"https:\\\/\\\/www.premiosjuegoresponsable.es\\\/?page_id=250#primaryimage\",\"url\":\"http:\\\/\\\/www.premiosjuegoresponsable.es\\\/wp-content\\\/uploads\\\/2021\\\/12\\\/GERMAN1-300x189.jpg\",\"contentUrl\":\"http:\\\/\\\/www.premiosjuegoresponsable.es\\\/wp-content\\\/uploads\\\/2021\\\/12\\\/GERMAN1-300x189.jpg\"},{\"@type\":\"BreadcrumbList\",\"@id\":\"https:\\\/\\\/www.premiosjuegoresponsable.es\\\/?page_id=250#breadcrumb\",\"itemListElement\":[{\"@type\":\"ListItem\",\"position\":1,\"name\":\"Portada\",\"item\":\"https:\\\/\\\/www.premiosjuegoresponsable.es\\\/\"},{\"@type\":\"ListItem\",\"position\":2,\"name\":\"Ganadores de la Primera Edici\u00f3n de los Premios INFOPLAY al Juego Responsable\"}]},{\"@type\":\"WebSite\",\"@id\":\"https:\\\/\\\/www.premiosjuegoresponsable.es\\\/#website\",\"url\":\"https:\\\/\\\/www.premiosjuegoresponsable.es\\\/\",\"name\":\"Premios INFOPLAY al Juego Responsable y RSC\",\"description\":\"\",\"potentialAction\":[{\"@type\":\"SearchAction\",\"target\":{\"@type\":\"EntryPoint\",\"urlTemplate\":\"https:\\\/\\\/www.premiosjuegoresponsable.es\\\/?s={search_term_string}\"},\"query-input\":{\"@type\":\"PropertyValueSpecification\",\"valueRequired\":true,\"valueName\":\"search_term_string\"}}],\"inLanguage\":\"es\"}]}<\/script>\n<!-- \/ Yoast SEO plugin. -->","yoast_head_json":{"title":"Ganadores de la Primera Edici\u00f3n de los Premios INFOPLAY al Juego Responsable - Premios INFOPLAY al Juego Responsable y RSC","robots":{"index":"noindex","follow":"follow","max-snippet":"max-snippet:-1","max-image-preview":"max-image-preview:large","max-video-preview":"max-video-preview:-1"},"og_locale":"es_ES","og_type":"article","og_title":"Ganadores de la Primera Edici\u00f3n de los Premios INFOPLAY al Juego Responsable - Premios INFOPLAY al Juego Responsable y RSC","og_description":"Empresa Comprometida con el Juego Responsable Grupo Vid Instituci\u00f3n m\u00e1s Comprometida con el sector y la defensa del Juego Responsable Nacional o Internacional Direcci\u00f3n General de Ordenaci\u00f3n del Juego Iniciativa m\u00e1s destacada en materia de Juego Responsable de \u00e1mbito Nacional o Internacional FEJAR","og_url":"https:\/\/www.premiosjuegoresponsable.es\/?page_id=250","og_site_name":"Premios INFOPLAY al Juego Responsable y RSC","article_modified_time":"2021-12-08T22:20:17+00:00","og_image":[{"url":"http:\/\/www.premiosjuegoresponsable.es\/wp-content\/uploads\/2021\/12\/GERMAN1-300x189.jpg","type":"","width":"","height":""}],"twitter_card":"summary_large_image","schema":{"@context":"https:\/\/schema.org","@graph":[{"@type":"WebPage","@id":"https:\/\/www.premiosjuegoresponsable.es\/?page_id=250","url":"https:\/\/www.premiosjuegoresponsable.es\/?page_id=250","name":"Ganadores de la Primera Edici\u00f3n de los Premios INFOPLAY al Juego Responsable - Premios INFOPLAY al Juego Responsable y RSC","isPartOf":{"@id":"https:\/\/www.premiosjuegoresponsable.es\/#website"},"primaryImageOfPage":{"@id":"https:\/\/www.premiosjuegoresponsable.es\/?page_id=250#primaryimage"},"image":{"@id":"https:\/\/www.premiosjuegoresponsable.es\/?page_id=250#primaryimage"},"thumbnailUrl":"http:\/\/www.premiosjuegoresponsable.es\/wp-content\/uploads\/2021\/12\/GERMAN1-300x189.jpg","datePublished":"2021-12-08T17:55:06+00:00","dateModified":"2021-12-08T22:20:17+00:00","breadcrumb":{"@id":"https:\/\/www.premiosjuegoresponsable.es\/?page_id=250#breadcrumb"},"inLanguage":"es","potentialAction":[{"@type":"ReadAction","target":["https:\/\/www.premiosjuegoresponsable.es\/?page_id=250"]}]},{"@type":"ImageObject","inLanguage":"es","@id":"https:\/\/www.premiosjuegoresponsable.es\/?page_id=250#primaryimage","url":"http:\/\/www.premiosjuegoresponsable.es\/wp-content\/uploads\/2021\/12\/GERMAN1-300x189.jpg","contentUrl":"http:\/\/www.premiosjuegoresponsable.es\/wp-content\/uploads\/2021\/12\/GERMAN1-300x189.jpg"},{"@type":"BreadcrumbList","@id":"https:\/\/www.premiosjuegoresponsable.es\/?page_id=250#breadcrumb","itemListElement":[{"@type":"ListItem","position":1,"name":"Portada","item":"https:\/\/www.premiosjuegoresponsable.es\/"},{"@type":"ListItem","position":2,"name":"Ganadores de la Primera Edici\u00f3n de los Premios INFOPLAY al Juego Responsable"}]},{"@type":"WebSite","@id":"https:\/\/www.premiosjuegoresponsable.es\/#website","url":"https:\/\/www.premiosjuegoresponsable.es\/","name":"Premios INFOPLAY al Juego Responsable y RSC","description":"","potentialAction":[{"@type":"SearchAction","target":{"@type":"EntryPoint","urlTemplate":"https:\/\/www.premiosjuegoresponsable.es\/?s={search_term_string}"},"query-input":{"@type":"PropertyValueSpecification","valueRequired":true,"valueName":"search_term_string"}}],"inLanguage":"es"}]}},"_links":{"self":[{"href":"https:\/\/www.premiosjuegoresponsable.es\/index.php?rest_route=\/wp\/v2\/pages\/250","targetHints":{"allow":["GET"]}}],"collection":[{"href":"https:\/\/www.premiosjuegoresponsable.es\/index.php?rest_route=\/wp\/v2\/pages"}],"about":[{"href":"https:\/\/www.premiosjuegoresponsable.es\/index.php?rest_route=\/wp\/v2\/types\/page"}],"author":[{"embeddable":true,"href":"https:\/\/www.premiosjuegoresponsable.es\/index.php?rest_route=\/wp\/v2\/users\/1"}],"replies":[{"embeddable":true,"href":"https:\/\/www.premiosjuegoresponsable.es\/index.php?rest_route=%2Fwp%2Fv2%2Fcomments&post=250"}],"version-history":[{"count":12,"href":"https:\/\/www.premiosjuegoresponsable.es\/index.php?rest_route=\/wp\/v2\/pages\/250\/revisions"}],"predecessor-version":[{"id":294,"href":"https:\/\/www.premiosjuegoresponsable.es\/index.php?rest_route=\/wp\/v2\/pages\/250\/revisions\/294"}],"wp:attachment":[{"href":"https:\/\/www.premiosjuegoresponsable.es\/index.php?rest_route=%2Fwp%2Fv2%2Fmedia&parent=250"}],"curies":[{"name":"wp","href":"https:\/\/api.w.org\/{rel}","templated":true}]}}