{"id":2308,"date":"2024-10-21T11:45:23","date_gmt":"2024-10-21T10:45:23","guid":{"rendered":"https:\/\/www.premiosjuegoresponsable.es\/?page_id=2308"},"modified":"2024-10-31T12:04:35","modified_gmt":"2024-10-31T11:04:35","slug":"seguridad-juridica-en-la-era-de-la-rsc","status":"publish","type":"page","link":"https:\/\/www.premiosjuegoresponsable.es\/?page_id=2308","title":{"rendered":"Seguridad Jur\u00eddica en la era de la RSC"},"content":{"rendered":"\n<h2 class=\"wp-block-heading\">DESAYUNO DE TRABAJO: \u201cSeguridad Jur\u00eddica en la era de la RSC\u201d patrocinado EN EXCLUSIVA por E-GAMING SPAIN<br><\/h2>\n\n\n\n<div style=\"height:50px\" aria-hidden=\"true\" class=\"wp-block-spacer\"><\/div>\n\n\n<div class=\"wp-block-image\">\n<figure class=\"aligncenter size-medium\"><img loading=\"lazy\" decoding=\"async\" width=\"300\" height=\"60\" src=\"https:\/\/www.premiosjuegoresponsable.es\/wp-content\/uploads\/2024\/10\/EGSPAIN_escudo-1-300x60.png\" alt=\"\" class=\"wp-image-2326\" srcset=\"https:\/\/www.premiosjuegoresponsable.es\/wp-content\/uploads\/2024\/10\/EGSPAIN_escudo-1-300x60.png 300w, https:\/\/www.premiosjuegoresponsable.es\/wp-content\/uploads\/2024\/10\/EGSPAIN_escudo-1-1024x206.png 1024w, https:\/\/www.premiosjuegoresponsable.es\/wp-content\/uploads\/2024\/10\/EGSPAIN_escudo-1-768x155.png 768w, https:\/\/www.premiosjuegoresponsable.es\/wp-content\/uploads\/2024\/10\/EGSPAIN_escudo-1-1536x309.png 1536w, https:\/\/www.premiosjuegoresponsable.es\/wp-content\/uploads\/2024\/10\/EGSPAIN_escudo-1-2048x412.png 2048w\" sizes=\"auto, (max-width: 300px) 100vw, 300px\" \/><\/figure>\n<\/div>\n\n\n<div style=\"height:50px\" aria-hidden=\"true\" class=\"wp-block-spacer\"><\/div>\n\n\n\n<div class=\"alignnormal\"><div id=\"metaslider-id-2257\" style=\"width: 100%;\" class=\"ml-slider-3-92-0 metaslider metaslider-flex metaslider-2257 ml-slider ms-theme-default\" role=\"region\" aria-roledescription=\"Slideshow\" aria-label=\"Desayunos JR\">\n    <div id=\"metaslider_container_2257\">\n        <div id=\"metaslider_2257\">\n            <ul class='slides'>\n                <li style=\"display: block; width: 100%;\" class=\"slide-2335 ms-image \" aria-roledescription=\"slide\" aria-label=\"slide-2335\"><img loading=\"lazy\" decoding=\"async\" src=\"https:\/\/www.premiosjuegoresponsable.es\/wp-content\/uploads\/2024\/10\/primer-desayuno-rsc-en-la-industria-del-juego-de-los-premios-al-juego-responsabl695-52.jpg\" height=\"800\" width=\"1200\" alt=\"\" class=\"slider-2257 slide-2335\" title=\"primer-desayuno-rsc-en-la-industria-del-juego-de-los-premios-al-juego-responsabl695-52\" \/><\/li>\n                <li style=\"display: none; width: 100%;\" class=\"slide-2334 ms-image \" aria-roledescription=\"slide\" aria-label=\"slide-2334\"><img loading=\"lazy\" decoding=\"async\" src=\"https:\/\/www.premiosjuegoresponsable.es\/wp-content\/uploads\/2024\/10\/primer-desayuno-rsc-en-la-industria-del-juego-de-los-premios-al-juego-responsabl695-86.jpg\" height=\"800\" width=\"1200\" alt=\"\" class=\"slider-2257 slide-2334\" title=\"primer-desayuno-rsc-en-la-industria-del-juego-de-los-premios-al-juego-responsabl695-86\" \/><\/li>\n                <li style=\"display: none; width: 100%;\" class=\"slide-2336 ms-image \" aria-roledescription=\"slide\" aria-label=\"slide-2336\"><img loading=\"lazy\" decoding=\"async\" src=\"https:\/\/www.premiosjuegoresponsable.es\/wp-content\/uploads\/2024\/10\/primer-desayuno-rsc-en-la-industria-del-juego-de-los-premios-al-juego-responsabl695-73.jpg\" height=\"800\" width=\"1200\" alt=\"\" class=\"slider-2257 slide-2336\" title=\"primer-desayuno-rsc-en-la-industria-del-juego-de-los-premios-al-juego-responsabl695-73\" \/><\/li>\n                <li style=\"display: none; width: 100%;\" class=\"slide-2258 ms-image \" aria-roledescription=\"slide\" aria-label=\"slide-2258\"><img loading=\"lazy\" decoding=\"async\" src=\"https:\/\/www.premiosjuegoresponsable.es\/wp-content\/uploads\/2024\/10\/primer-desayuno-rsc-en-la-industria-del-juego-de-los-premios-al-juego-responsabl695-142.jpg\" height=\"800\" width=\"1200\" alt=\"\" class=\"slider-2257 slide-2258\" title=\"primer-desayuno-rsc-en-la-industria-del-juego-de-los-premios-al-juego-responsabl695-142\" \/><\/li>\n                <li style=\"display: none; width: 100%;\" class=\"slide-2259 ms-image \" aria-roledescription=\"slide\" aria-label=\"slide-2259\"><img loading=\"lazy\" decoding=\"async\" src=\"https:\/\/www.premiosjuegoresponsable.es\/wp-content\/uploads\/2024\/10\/primer-desayuno-rsc-en-la-industria-del-juego-de-los-premios-al-juego-responsabl695-85.jpg\" height=\"800\" width=\"1200\" alt=\"\" class=\"slider-2257 slide-2259\" title=\"primer-desayuno-rsc-en-la-industria-del-juego-de-los-premios-al-juego-responsabl695-85\" \/><\/li>\n                <li style=\"display: none; width: 100%;\" class=\"slide-2260 ms-image \" aria-roledescription=\"slide\" aria-label=\"slide-2260\"><img loading=\"lazy\" decoding=\"async\" src=\"https:\/\/www.premiosjuegoresponsable.es\/wp-content\/uploads\/2024\/10\/primer-desayuno-rsc-en-la-industria-del-juego-de-los-premios-al-juego-responsabl695-138.jpg\" height=\"800\" width=\"1200\" alt=\"\" class=\"slider-2257 slide-2260\" title=\"primer-desayuno-rsc-en-la-industria-del-juego-de-los-premios-al-juego-responsabl695-138\" \/><\/li>\n                <li style=\"display: none; width: 100%;\" class=\"slide-2261 ms-image \" aria-roledescription=\"slide\" aria-label=\"slide-2261\"><img loading=\"lazy\" decoding=\"async\" src=\"https:\/\/www.premiosjuegoresponsable.es\/wp-content\/uploads\/2024\/10\/primer-desayuno-rsc-en-la-industria-del-juego-de-los-premios-al-juego-responsabl695-10.jpg\" height=\"800\" width=\"1200\" alt=\"\" class=\"slider-2257 slide-2261\" title=\"primer-desayuno-rsc-en-la-industria-del-juego-de-los-premios-al-juego-responsabl695-10\" \/><\/li>\n                <li style=\"display: none; width: 100%;\" class=\"slide-2263 ms-image \" aria-roledescription=\"slide\" aria-label=\"slide-2263\"><img loading=\"lazy\" decoding=\"async\" src=\"https:\/\/www.premiosjuegoresponsable.es\/wp-content\/uploads\/2024\/10\/primer-desayuno-rsc-en-la-industria-del-juego-de-los-premios-al-juego-responsabl695-41.jpg\" height=\"800\" width=\"1200\" alt=\"\" class=\"slider-2257 slide-2263\" title=\"primer-desayuno-rsc-en-la-industria-del-juego-de-los-premios-al-juego-responsabl695-41\" \/><\/li>\n                <li style=\"display: none; width: 100%;\" class=\"slide-2264 ms-image \" aria-roledescription=\"slide\" aria-label=\"slide-2264\"><img loading=\"lazy\" decoding=\"async\" src=\"https:\/\/www.premiosjuegoresponsable.es\/wp-content\/uploads\/2024\/10\/primer-desayuno-rsc-en-la-industria-del-juego-de-los-premios-al-juego-responsabl695-7.jpg\" height=\"800\" width=\"1200\" alt=\"\" class=\"slider-2257 slide-2264\" title=\"primer-desayuno-rsc-en-la-industria-del-juego-de-los-premios-al-juego-responsabl695-7\" \/><\/li>\n                <li style=\"display: none; width: 100%;\" class=\"slide-2265 ms-image \" aria-roledescription=\"slide\" aria-label=\"slide-2265\"><img loading=\"lazy\" decoding=\"async\" src=\"https:\/\/www.premiosjuegoresponsable.es\/wp-content\/uploads\/2024\/10\/primer-desayuno-rsc-en-la-industria-del-juego-de-los-premios-al-juego-responsabl695-49.jpg\" height=\"800\" width=\"1200\" alt=\"\" class=\"slider-2257 slide-2265\" title=\"primer-desayuno-rsc-en-la-industria-del-juego-de-los-premios-al-juego-responsabl695-49\" \/><\/li>\n                <li style=\"display: none; width: 100%;\" class=\"slide-2266 ms-image \" aria-roledescription=\"slide\" aria-label=\"slide-2266\"><img loading=\"lazy\" decoding=\"async\" src=\"https:\/\/www.premiosjuegoresponsable.es\/wp-content\/uploads\/2024\/10\/primer-desayuno-rsc-en-la-industria-del-juego-de-los-premios-al-juego-responsabl695-125.jpg\" height=\"800\" width=\"1200\" alt=\"\" class=\"slider-2257 slide-2266\" title=\"primer-desayuno-rsc-en-la-industria-del-juego-de-los-premios-al-juego-responsabl695-125\" \/><\/li>\n                <li style=\"display: none; width: 100%;\" class=\"slide-2267 ms-image \" aria-roledescription=\"slide\" aria-label=\"slide-2267\"><img loading=\"lazy\" decoding=\"async\" src=\"https:\/\/www.premiosjuegoresponsable.es\/wp-content\/uploads\/2024\/10\/primer-desayuno-rsc-en-la-industria-del-juego-de-los-premios-al-juego-responsabl695-57.jpg\" height=\"800\" width=\"1200\" alt=\"\" class=\"slider-2257 slide-2267\" title=\"primer-desayuno-rsc-en-la-industria-del-juego-de-los-premios-al-juego-responsabl695-57\" \/><\/li>\n            <\/ul>\n        <\/div>\n        \n    <\/div>\n<\/div><\/div>\n\n\n\n<div style=\"height:50px\" aria-hidden=\"true\" class=\"wp-block-spacer\"><\/div>\n\n\n\n<h2 class=\"wp-block-heading\">Resumen<\/h2>\n\n\n\n<div style=\"height:50px\" aria-hidden=\"true\" class=\"wp-block-spacer\"><\/div>\n\n\n\n<figure class=\"wp-block-embed is-type-video is-provider-youtube wp-block-embed-youtube wp-embed-aspect-16-9 wp-has-aspect-ratio\"><div class=\"wp-block-embed__wrapper\">\n<iframe loading=\"lazy\" title=\"PRIMER DESAYUNO de trabajo en la INDUSTRIA DEL JUEGO\" width=\"1170\" height=\"658\" src=\"https:\/\/www.youtube.com\/embed\/S4WtEMjw0VM?feature=oembed\" frameborder=\"0\" allow=\"accelerometer; autoplay; clipboard-write; encrypted-media; gyroscope; picture-in-picture; web-share\" referrerpolicy=\"strict-origin-when-cross-origin\" allowfullscreen><\/iframe>\n<\/div><\/figure>\n\n\n\n<div style=\"height:50px\" aria-hidden=\"true\" class=\"wp-block-spacer\"><\/div>\n\n\n\n<h2 class=\"wp-block-heading\">V\u00eddeo completo<\/h2>\n\n\n\n<div style=\"height:50px\" aria-hidden=\"true\" class=\"wp-block-spacer\"><\/div>\n\n\n\n<figure class=\"wp-block-embed is-type-video is-provider-youtube wp-block-embed-youtube wp-embed-aspect-16-9 wp-has-aspect-ratio\"><div class=\"wp-block-embed__wrapper\">\n<iframe loading=\"lazy\" title=\"PRIMER DESAYUNO de trabajo sobre la RSC en la INDUSTRIA DEL JUEGO\" width=\"1170\" height=\"658\" src=\"https:\/\/www.youtube.com\/embed\/8F_7Zh9LSes?feature=oembed\" frameborder=\"0\" allow=\"accelerometer; autoplay; clipboard-write; encrypted-media; gyroscope; picture-in-picture; web-share\" referrerpolicy=\"strict-origin-when-cross-origin\" allowfullscreen><\/iframe>\n<\/div><\/figure>\n\n\n\n<div style=\"height:50px\" aria-hidden=\"true\" class=\"wp-block-spacer\"><\/div>\n\n\n\n<h2 class=\"wp-block-heading\">\u00daltimas noticias<\/h2>\n\n\n\n<div style=\"height:50px\" aria-hidden=\"true\" class=\"wp-block-spacer\"><\/div>\n\n\n<ul class=\"wp-block-latest-posts__list has-dates wp-block-latest-posts has-medium-font-size\"><li><a class=\"wp-block-latest-posts__post-title\" href=\"https:\/\/www.premiosjuegoresponsable.es\/?p=2297\">Antonio Dur\u00e1n solicita mayor agilidad en las homologaciones y el equilibrio entre los distintos subsectores<\/a><time datetime=\"2024-10-18T11:00:33+01:00\" class=\"wp-block-latest-posts__post-date\">18 de octubre de 2024<\/time><\/li>\n<li><a class=\"wp-block-latest-posts__post-title\" href=\"https:\/\/www.premiosjuegoresponsable.es\/?p=2294\">Ram\u00f3n Cubi\u00e1n y Pedro Garc\u00eda Cuestas debaten sobre la importancia de una mejor comunicaci\u00f3n<\/a><time datetime=\"2024-10-17T10:59:52+01:00\" class=\"wp-block-latest-posts__post-date\">17 de octubre de 2024<\/time><\/li>\n<li><a class=\"wp-block-latest-posts__post-title\" href=\"https:\/\/www.premiosjuegoresponsable.es\/?p=2291\">UN IMPRESIONANTE RAM\u00d3N CUBI\u00c1N afirma:&#8221;Una evoluci\u00f3n discreta es mejor que una revoluci\u00f3n espectacular&#8221;<\/a><time datetime=\"2024-10-17T10:58:13+01:00\" class=\"wp-block-latest-posts__post-date\">17 de octubre de 2024<\/time><\/li>\n<li><a class=\"wp-block-latest-posts__post-title\" href=\"https:\/\/www.premiosjuegoresponsable.es\/?p=2288\">Los grandes momentos del primer desayuno de trabajo sobre RSC en la industria del juego celebrado en Madrid<\/a><time datetime=\"2024-10-16T10:57:12+01:00\" class=\"wp-block-latest-posts__post-date\">16 de octubre de 2024<\/time><\/li>\n<li><a class=\"wp-block-latest-posts__post-title\" href=\"https:\/\/www.premiosjuegoresponsable.es\/?p=2285\">Jes\u00fas Serrano sobre la tramitaci\u00f3n de expedientes sancionadores en la Industria del Juego en el Primer desayuno de trabajo sobre RSC<\/a><time datetime=\"2024-10-15T10:56:31+01:00\" class=\"wp-block-latest-posts__post-date\">15 de octubre de 2024<\/time><\/li>\n<li><a class=\"wp-block-latest-posts__post-title\" href=\"https:\/\/www.premiosjuegoresponsable.es\/?p=2282\">Antonio Pulido y Ram\u00f3n Cubi\u00e1n, sobre el rol del sector del juego en la sociedad y su contribuci\u00f3n fiscal en el Primer Desayuno de Trabajo sobre RSC<\/a><time datetime=\"2024-10-15T10:55:45+01:00\" class=\"wp-block-latest-posts__post-date\">15 de octubre de 2024<\/time><\/li>\n<li><a class=\"wp-block-latest-posts__post-title\" href=\"https:\/\/www.premiosjuegoresponsable.es\/?p=2279\">El Comisario Principal, Jos\u00e9 \u00c1ngel Gonz\u00e1lez Mor\u00e1n, anuncia en los Desayunos RSC la nueva edici\u00f3n de la Operaci\u00f3n SAL\u00d3N en Sevilla<\/a><time datetime=\"2024-10-15T10:55:00+01:00\" class=\"wp-block-latest-posts__post-date\">15 de octubre de 2024<\/time><\/li>\n<li><a class=\"wp-block-latest-posts__post-title\" href=\"https:\/\/www.premiosjuegoresponsable.es\/?p=2276\">&#8220;La RSC debe ser una estrategia bien pensada, donde el sector no s\u00f3lo cumple con su obligaci\u00f3n social, sino que tambi\u00e9n demuestre su valor a la comunidad&#8221;: Fernando Fern\u00e1ndez de Troc\u00f3niz<\/a><time datetime=\"2024-10-15T10:54:00+01:00\" class=\"wp-block-latest-posts__post-date\">15 de octubre de 2024<\/time><\/li>\n<li><a class=\"wp-block-latest-posts__post-title\" href=\"https:\/\/www.premiosjuegoresponsable.es\/?p=2242\">GALER\u00cdA DE FOTOSPRIMER DESAYUNO SOBRE RSC CONVOCADO POR LOS PREMIOS AL JUEGO RESPONSABLE Y CON LA COLABORACI\u00d3N EXCLUSIVA DE E-GAMING SPAIN<\/a><time datetime=\"2024-10-14T10:12:16+01:00\" class=\"wp-block-latest-posts__post-date\">14 de octubre de 2024<\/time><\/li>\n<li><a class=\"wp-block-latest-posts__post-title\" href=\"https:\/\/www.premiosjuegoresponsable.es\/?p=2239\">Inauguraci\u00f3n del Primer Desayuno de los Premios al Juego Responsable en Madrid<\/a><time datetime=\"2024-10-14T10:11:14+01:00\" class=\"wp-block-latest-posts__post-date\">14 de octubre de 2024<\/time><\/li>\n<li><a class=\"wp-block-latest-posts__post-title\" href=\"https:\/\/www.premiosjuegoresponsable.es\/?p=2228\">Todo listo para el Primer Desayuno de los Premios al Juego Responsable, en colaboraci\u00f3n con E-Gaming Spain<\/a><time datetime=\"2024-10-10T10:24:52+01:00\" class=\"wp-block-latest-posts__post-date\">10 de octubre de 2024<\/time><\/li>\n<li><a class=\"wp-block-latest-posts__post-title\" href=\"https:\/\/www.premiosjuegoresponsable.es\/?p=2225\">Ram\u00f3n Cubi\u00e1n inaugura el Primer Desayuno de los Premios al Juego Responsable en el exquisito Palacio Santo Mauro de Madrid<\/a><time datetime=\"2024-09-25T10:23:54+01:00\" class=\"wp-block-latest-posts__post-date\">25 de septiembre de 2024<\/time><\/li>\n<li><a class=\"wp-block-latest-posts__post-title\" href=\"https:\/\/www.premiosjuegoresponsable.es\/?p=2219\">Los Premios al Juego Responsable inician la gira nacional de\u00a0DESAYUNOS\u00a0EXCLUSIVOS\u00a0sobre RSC: el primero, en Madrid con\u00a0E-Gaming Spain<\/a><time datetime=\"2024-09-16T10:18:07+01:00\" class=\"wp-block-latest-posts__post-date\">16 de septiembre de 2024<\/time><\/li>\n<\/ul>","protected":false},"excerpt":{"rendered":"<p>DESAYUNO DE TRABAJO: \u201cSeguridad Jur\u00eddica en la era de la RSC\u201d patrocinado EN EXCLUSIVA por E-GAMING SPAIN Resumen V\u00eddeo completo \u00daltimas noticias<\/p>\n","protected":false},"author":1,"featured_media":0,"parent":0,"menu_order":0,"comment_status":"closed","ping_status":"closed","template":"templates\/template-page-full-width.php","meta":{"_monsterinsights_skip_tracking":false,"_monsterinsights_sitenote_active":false,"_monsterinsights_sitenote_note":"","_monsterinsights_sitenote_category":0,"footnotes":""},"class_list":["post-2308","page","type-page","status-publish","hentry"],"yoast_head":"<!-- This site is optimized with the Yoast SEO plugin v27.4 - https:\/\/yoast.com\/product\/yoast-seo-wordpress\/ -->\n<title>Seguridad Jur\u00eddica en la era de la RSC - Premios INFOPLAY al Juego Responsable y RSC<\/title>\n<meta name=\"robots\" content=\"noindex, follow, max-snippet:-1, max-image-preview:large, max-video-preview:-1\" \/>\n<meta property=\"og:locale\" content=\"es_ES\" \/>\n<meta property=\"og:type\" content=\"article\" \/>\n<meta property=\"og:title\" content=\"Seguridad Jur\u00eddica en la era de la RSC - Premios INFOPLAY al Juego Responsable y RSC\" \/>\n<meta property=\"og:description\" content=\"DESAYUNO DE TRABAJO: \u201cSeguridad Jur\u00eddica en la era de la RSC\u201d patrocinado EN EXCLUSIVA por E-GAMING SPAIN Resumen V\u00eddeo completo \u00daltimas noticias\" \/>\n<meta property=\"og:url\" content=\"https:\/\/www.premiosjuegoresponsable.es\/?page_id=2308\" \/>\n<meta property=\"og:site_name\" content=\"Premios INFOPLAY al Juego Responsable y RSC\" \/>\n<meta property=\"article:modified_time\" content=\"2024-10-31T11:04:35+00:00\" \/>\n<meta property=\"og:image\" content=\"https:\/\/www.premiosjuegoresponsable.es\/wp-content\/uploads\/2024\/10\/EGSPAIN_escudo-1.png\" \/>\n\t<meta property=\"og:image:width\" content=\"2403\" \/>\n\t<meta property=\"og:image:height\" content=\"484\" \/>\n\t<meta property=\"og:image:type\" content=\"image\/png\" \/>\n<meta name=\"twitter:card\" content=\"summary_large_image\" \/>\n<script type=\"application\/ld+json\" class=\"yoast-schema-graph\">{\"@context\":\"https:\\\/\\\/schema.org\",\"@graph\":[{\"@type\":\"WebPage\",\"@id\":\"https:\\\/\\\/www.premiosjuegoresponsable.es\\\/?page_id=2308\",\"url\":\"https:\\\/\\\/www.premiosjuegoresponsable.es\\\/?page_id=2308\",\"name\":\"Seguridad Jur\u00eddica en la era de la RSC - Premios INFOPLAY al Juego Responsable y RSC\",\"isPartOf\":{\"@id\":\"https:\\\/\\\/www.premiosjuegoresponsable.es\\\/#website\"},\"primaryImageOfPage\":{\"@id\":\"https:\\\/\\\/www.premiosjuegoresponsable.es\\\/?page_id=2308#primaryimage\"},\"image\":{\"@id\":\"https:\\\/\\\/www.premiosjuegoresponsable.es\\\/?page_id=2308#primaryimage\"},\"thumbnailUrl\":\"https:\\\/\\\/www.premiosjuegoresponsable.es\\\/wp-content\\\/uploads\\\/2024\\\/10\\\/EGSPAIN_escudo-1-300x60.png\",\"datePublished\":\"2024-10-21T10:45:23+00:00\",\"dateModified\":\"2024-10-31T11:04:35+00:00\",\"breadcrumb\":{\"@id\":\"https:\\\/\\\/www.premiosjuegoresponsable.es\\\/?page_id=2308#breadcrumb\"},\"inLanguage\":\"es\",\"potentialAction\":[{\"@type\":\"ReadAction\",\"target\":[\"https:\\\/\\\/www.premiosjuegoresponsable.es\\\/?page_id=2308\"]}]},{\"@type\":\"ImageObject\",\"inLanguage\":\"es\",\"@id\":\"https:\\\/\\\/www.premiosjuegoresponsable.es\\\/?page_id=2308#primaryimage\",\"url\":\"https:\\\/\\\/www.premiosjuegoresponsable.es\\\/wp-content\\\/uploads\\\/2024\\\/10\\\/EGSPAIN_escudo-1.png\",\"contentUrl\":\"https:\\\/\\\/www.premiosjuegoresponsable.es\\\/wp-content\\\/uploads\\\/2024\\\/10\\\/EGSPAIN_escudo-1.png\",\"width\":2403,\"height\":484},{\"@type\":\"BreadcrumbList\",\"@id\":\"https:\\\/\\\/www.premiosjuegoresponsable.es\\\/?page_id=2308#breadcrumb\",\"itemListElement\":[{\"@type\":\"ListItem\",\"position\":1,\"name\":\"Portada\",\"item\":\"https:\\\/\\\/www.premiosjuegoresponsable.es\\\/\"},{\"@type\":\"ListItem\",\"position\":2,\"name\":\"Seguridad Jur\u00eddica en la era de la RSC\"}]},{\"@type\":\"WebSite\",\"@id\":\"https:\\\/\\\/www.premiosjuegoresponsable.es\\\/#website\",\"url\":\"https:\\\/\\\/www.premiosjuegoresponsable.es\\\/\",\"name\":\"Premios INFOPLAY al Juego Responsable y RSC\",\"description\":\"\",\"potentialAction\":[{\"@type\":\"SearchAction\",\"target\":{\"@type\":\"EntryPoint\",\"urlTemplate\":\"https:\\\/\\\/www.premiosjuegoresponsable.es\\\/?s={search_term_string}\"},\"query-input\":{\"@type\":\"PropertyValueSpecification\",\"valueRequired\":true,\"valueName\":\"search_term_string\"}}],\"inLanguage\":\"es\"}]}<\/script>\n<!-- \/ Yoast SEO plugin. -->","yoast_head_json":{"title":"Seguridad Jur\u00eddica en la era de la RSC - Premios INFOPLAY al Juego Responsable y RSC","robots":{"index":"noindex","follow":"follow","max-snippet":"max-snippet:-1","max-image-preview":"max-image-preview:large","max-video-preview":"max-video-preview:-1"},"og_locale":"es_ES","og_type":"article","og_title":"Seguridad Jur\u00eddica en la era de la RSC - Premios INFOPLAY al Juego Responsable y RSC","og_description":"DESAYUNO DE TRABAJO: \u201cSeguridad Jur\u00eddica en la era de la RSC\u201d patrocinado EN EXCLUSIVA por E-GAMING SPAIN Resumen V\u00eddeo completo \u00daltimas noticias","og_url":"https:\/\/www.premiosjuegoresponsable.es\/?page_id=2308","og_site_name":"Premios INFOPLAY al Juego Responsable y RSC","article_modified_time":"2024-10-31T11:04:35+00:00","og_image":[{"width":2403,"height":484,"url":"https:\/\/www.premiosjuegoresponsable.es\/wp-content\/uploads\/2024\/10\/EGSPAIN_escudo-1.png","type":"image\/png"}],"twitter_card":"summary_large_image","schema":{"@context":"https:\/\/schema.org","@graph":[{"@type":"WebPage","@id":"https:\/\/www.premiosjuegoresponsable.es\/?page_id=2308","url":"https:\/\/www.premiosjuegoresponsable.es\/?page_id=2308","name":"Seguridad Jur\u00eddica en la era de la RSC - Premios INFOPLAY al Juego Responsable y RSC","isPartOf":{"@id":"https:\/\/www.premiosjuegoresponsable.es\/#website"},"primaryImageOfPage":{"@id":"https:\/\/www.premiosjuegoresponsable.es\/?page_id=2308#primaryimage"},"image":{"@id":"https:\/\/www.premiosjuegoresponsable.es\/?page_id=2308#primaryimage"},"thumbnailUrl":"https:\/\/www.premiosjuegoresponsable.es\/wp-content\/uploads\/2024\/10\/EGSPAIN_escudo-1-300x60.png","datePublished":"2024-10-21T10:45:23+00:00","dateModified":"2024-10-31T11:04:35+00:00","breadcrumb":{"@id":"https:\/\/www.premiosjuegoresponsable.es\/?page_id=2308#breadcrumb"},"inLanguage":"es","potentialAction":[{"@type":"ReadAction","target":["https:\/\/www.premiosjuegoresponsable.es\/?page_id=2308"]}]},{"@type":"ImageObject","inLanguage":"es","@id":"https:\/\/www.premiosjuegoresponsable.es\/?page_id=2308#primaryimage","url":"https:\/\/www.premiosjuegoresponsable.es\/wp-content\/uploads\/2024\/10\/EGSPAIN_escudo-1.png","contentUrl":"https:\/\/www.premiosjuegoresponsable.es\/wp-content\/uploads\/2024\/10\/EGSPAIN_escudo-1.png","width":2403,"height":484},{"@type":"BreadcrumbList","@id":"https:\/\/www.premiosjuegoresponsable.es\/?page_id=2308#breadcrumb","itemListElement":[{"@type":"ListItem","position":1,"name":"Portada","item":"https:\/\/www.premiosjuegoresponsable.es\/"},{"@type":"ListItem","position":2,"name":"Seguridad Jur\u00eddica en la era de la RSC"}]},{"@type":"WebSite","@id":"https:\/\/www.premiosjuegoresponsable.es\/#website","url":"https:\/\/www.premiosjuegoresponsable.es\/","name":"Premios INFOPLAY al Juego Responsable y RSC","description":"","potentialAction":[{"@type":"SearchAction","target":{"@type":"EntryPoint","urlTemplate":"https:\/\/www.premiosjuegoresponsable.es\/?s={search_term_string}"},"query-input":{"@type":"PropertyValueSpecification","valueRequired":true,"valueName":"search_term_string"}}],"inLanguage":"es"}]}},"_links":{"self":[{"href":"https:\/\/www.premiosjuegoresponsable.es\/index.php?rest_route=\/wp\/v2\/pages\/2308","targetHints":{"allow":["GET"]}}],"collection":[{"href":"https:\/\/www.premiosjuegoresponsable.es\/index.php?rest_route=\/wp\/v2\/pages"}],"about":[{"href":"https:\/\/www.premiosjuegoresponsable.es\/index.php?rest_route=\/wp\/v2\/types\/page"}],"author":[{"embeddable":true,"href":"https:\/\/www.premiosjuegoresponsable.es\/index.php?rest_route=\/wp\/v2\/users\/1"}],"replies":[{"embeddable":true,"href":"https:\/\/www.premiosjuegoresponsable.es\/index.php?rest_route=%2Fwp%2Fv2%2Fcomments&post=2308"}],"version-history":[{"count":10,"href":"https:\/\/www.premiosjuegoresponsable.es\/index.php?rest_route=\/wp\/v2\/pages\/2308\/revisions"}],"predecessor-version":[{"id":2394,"href":"https:\/\/www.premiosjuegoresponsable.es\/index.php?rest_route=\/wp\/v2\/pages\/2308\/revisions\/2394"}],"wp:attachment":[{"href":"https:\/\/www.premiosjuegoresponsable.es\/index.php?rest_route=%2Fwp%2Fv2%2Fmedia&parent=2308"}],"curies":[{"name":"wp","href":"https:\/\/api.w.org\/{rel}","templated":true}]}}