{"id":1655,"date":"2023-11-08T10:38:22","date_gmt":"2023-11-08T09:38:22","guid":{"rendered":"http:\/\/www.premiosjuegoresponsable.es\/?page_id=1655"},"modified":"2023-11-08T10:38:22","modified_gmt":"2023-11-08T09:38:22","slug":"ganadores-de-la-quinta-edicion-de-los-premios-infoplay-al-juego-responsable","status":"publish","type":"page","link":"https:\/\/www.premiosjuegoresponsable.es\/?page_id=1655","title":{"rendered":"Ganadores de la Quinta Edici\u00f3n de los Premios INFOPLAY al Juego Responsable"},"content":{"rendered":"\n<p>En esta <strong>QUINTA EDICI\u00d3N <\/strong>el jurado ha tenido la gran responsabilidad de seleccionar a los ganadores de once <strong>categor\u00edas<\/strong>\u00a0para abarcan el gran trabajo del sector en responsabilidad social corporativa y juego responsable tanto de \u00e1mbito nacional como internacional:<\/p>\n\n\n\n<p class=\"has-white-color has-text-color\">.<\/p>\n\n\n\n<p style=\"font-size:18px\"><strong>Premio a toda una trayectoria<\/strong><\/p>\n\n\n\n<p>Jaume Sanahuja<\/p>\n\n\n\n<figure class=\"wp-block-embed is-type-video is-provider-youtube wp-block-embed-youtube wp-embed-aspect-16-9 wp-has-aspect-ratio\"><div class=\"wp-block-embed__wrapper\">\n<iframe loading=\"lazy\" title=\"JAUME SANAHUJA, Premio Especial a toda una TRAYECTORIA\" width=\"1170\" height=\"658\" src=\"https:\/\/www.youtube.com\/embed\/LZ1TW1hUMl8?feature=oembed\" frameborder=\"0\" allow=\"accelerometer; autoplay; clipboard-write; encrypted-media; gyroscope; picture-in-picture; web-share\" allowfullscreen><\/iframe>\n<\/div><\/figure>\n\n\n\n<p><\/p>\n\n\n\n<p style=\"font-size:18px\"><strong>Premio Mejor Iniciativa por un Juego Responsable<\/strong><\/p>\n\n\n\n<p>COFAR &#8211; SGS<\/p>\n\n\n\n<figure class=\"wp-block-embed is-type-video is-provider-youtube wp-block-embed-youtube wp-embed-aspect-16-9 wp-has-aspect-ratio\"><div class=\"wp-block-embed__wrapper\">\n<iframe loading=\"lazy\" title=\"COFAR\" width=\"1170\" height=\"658\" src=\"https:\/\/www.youtube.com\/embed\/22D5BHxnsbI?feature=oembed\" frameborder=\"0\" allow=\"accelerometer; autoplay; clipboard-write; encrypted-media; gyroscope; picture-in-picture; web-share\" allowfullscreen><\/iframe>\n<\/div><\/figure>\n\n\n\n<p style=\"font-size:18px\"><strong>Premio Mejor Acci\u00f3n Empresarial en Bienestar, Inclusi\u00f3n e Igualdad entre los G\u00e9neros<\/strong><\/p>\n\n\n\n<p>Luckia<\/p>\n\n\n\n<figure class=\"wp-block-embed is-type-video is-provider-youtube wp-block-embed-youtube wp-embed-aspect-16-9 wp-has-aspect-ratio\"><div class=\"wp-block-embed__wrapper\">\n<iframe loading=\"lazy\" title=\"LUCKIA, PREMIO MEJOR ACCI\u00d3N EMPRESARIAL en bienestar, inclusi\u00f3n e igualdad entre los g\u00e9neros\" width=\"1170\" height=\"658\" src=\"https:\/\/www.youtube.com\/embed\/sfCtU5aKmko?feature=oembed\" frameborder=\"0\" allow=\"accelerometer; autoplay; clipboard-write; encrypted-media; gyroscope; picture-in-picture; web-share\" allowfullscreen><\/iframe>\n<\/div><\/figure>\n\n\n\n<p class=\"has-white-color has-text-color\"><\/p>\n\n\n\n<p style=\"font-size:18px\"><strong>Premio Mejor Acci\u00f3n en Medio Ambiente e Industrializaci\u00f3n Sostenible<\/strong><\/p>\n\n\n\n<p>Grupo Gauselmann<\/p>\n\n\n\n<figure class=\"wp-block-embed is-type-video is-provider-youtube wp-block-embed-youtube wp-embed-aspect-16-9 wp-has-aspect-ratio\"><div class=\"wp-block-embed__wrapper\">\n<iframe loading=\"lazy\" title=\"PHILIPP OBERMARK del GRUPO GAUSELMANN\" width=\"1170\" height=\"658\" src=\"https:\/\/www.youtube.com\/embed\/Dx6C8cIfWu4?feature=oembed\" frameborder=\"0\" allow=\"accelerometer; autoplay; clipboard-write; encrypted-media; gyroscope; picture-in-picture; web-share\" allowfullscreen><\/iframe>\n<\/div><\/figure>\n\n\n\n<p class=\"has-white-color has-text-color\">.<\/p>\n\n\n\n<p style=\"font-size:18px\"><strong>Premio a la Instituci\u00f3n Estatal m\u00e1s comprometida con el Juego Responsable<\/strong><\/p>\n\n\n\n<p>Polic\u00eda Nacional<\/p>\n\n\n\n<figure class=\"wp-block-embed is-type-video is-provider-youtube wp-block-embed-youtube wp-embed-aspect-16-9 wp-has-aspect-ratio\"><div class=\"wp-block-embed__wrapper\">\n<iframe loading=\"lazy\" title=\"POLIC\u00cdA NACIONAL recoge el Premio a Instituci\u00f3n Estatal M\u00e1s Comprometida con el Juego Responsable\" width=\"1170\" height=\"658\" src=\"https:\/\/www.youtube.com\/embed\/k3rCoYZCl7w?feature=oembed\" frameborder=\"0\" allow=\"accelerometer; autoplay; clipboard-write; encrypted-media; gyroscope; picture-in-picture; web-share\" allowfullscreen><\/iframe>\n<\/div><\/figure>\n\n\n\n<p class=\"has-white-color has-text-color\">.<\/p>\n\n\n\n<p style=\"font-size:18px\"><strong>Premio a la Instituci\u00f3n Auton\u00f3mica m\u00e1s comprometida con el Juego Responsable<\/strong><\/p>\n\n\n\n<p>Direcci\u00f3n de Juegos y Espect\u00e1culos del Gobierno Vasco<\/p>\n\n\n\n<figure class=\"wp-block-embed is-type-video is-provider-youtube wp-block-embed-youtube wp-embed-aspect-16-9 wp-has-aspect-ratio\"><div class=\"wp-block-embed__wrapper\">\n<iframe loading=\"lazy\" title=\"AITOR URIARTE recibe el  PREMIO A INSTITUCI\u00d3N AUTON\u00d3MICA M\u00c1S COMPROMETIDA CON EL JUEGO RESPONSABLE\" width=\"1170\" height=\"658\" src=\"https:\/\/www.youtube.com\/embed\/sCnEcozdq70?feature=oembed\" frameborder=\"0\" allow=\"accelerometer; autoplay; clipboard-write; encrypted-media; gyroscope; picture-in-picture; web-share\" allowfullscreen><\/iframe>\n<\/div><\/figure>\n\n\n\n<p class=\"has-white-color has-text-color\">.<\/p>\n\n\n\n<p style=\"font-size:18px\"><strong>Premio al Empresario m\u00e1s destacado en Juego Responsable y RSC<\/strong><\/p>\n\n\n\n<p>Jos\u00e9 Gonz\u00e1lez Fuentes<\/p>\n\n\n\n<figure class=\"wp-block-embed is-type-video is-provider-youtube wp-block-embed-youtube wp-embed-aspect-16-9 wp-has-aspect-ratio\"><div class=\"wp-block-embed__wrapper\">\n<iframe loading=\"lazy\" title=\"JOS\u00c9 GONZ\u00c1LEZ FUENTES, PREMIO AL EMPRESARIO M\u00c1S DESTACADO EN JUEGO RESPONSABLE Y RSC\" width=\"1170\" height=\"658\" src=\"https:\/\/www.youtube.com\/embed\/gtVs0T-lYXg?feature=oembed\" frameborder=\"0\" allow=\"accelerometer; autoplay; clipboard-write; encrypted-media; gyroscope; picture-in-picture; web-share\" allowfullscreen><\/iframe>\n<\/div><\/figure>\n\n\n\n<p class=\"has-white-color has-text-color\">.<\/p>\n\n\n\n<p style=\"font-size:18px\"><strong>Premio a la Directiva m\u00e1s destacada en Juego Responsable y RSC<\/strong><\/p>\n\n\n\n<p>Yolanda Barqueros<\/p>\n\n\n\n<figure class=\"wp-block-embed is-type-video is-provider-youtube wp-block-embed-youtube wp-embed-aspect-16-9 wp-has-aspect-ratio\"><div class=\"wp-block-embed__wrapper\">\n<iframe loading=\"lazy\" title=\"YOLANDA BARQUEROS, PREMIO DIRECTIVA M\u00c1S COMPROMETIDA CON EL JUEGO RESPONSABLE Y LA RSC\" width=\"1170\" height=\"658\" src=\"https:\/\/www.youtube.com\/embed\/7_DULEtNZIc?feature=oembed\" frameborder=\"0\" allow=\"accelerometer; autoplay; clipboard-write; encrypted-media; gyroscope; picture-in-picture; web-share\" allowfullscreen><\/iframe>\n<\/div><\/figure>\n\n\n\n<p class=\"has-white-color has-text-color\">.<\/p>\n\n\n\n<p style=\"font-size:18px\"><strong>Premio Concordia por la Sostenibilidad de la Industria y el Juego Responsable<\/strong><\/p>\n\n\n\n<p>Kissy Chandiramani<\/p>\n\n\n\n<figure class=\"wp-block-embed is-type-video is-provider-youtube wp-block-embed-youtube wp-embed-aspect-16-9 wp-has-aspect-ratio\"><div class=\"wp-block-embed__wrapper\">\n<iframe loading=\"lazy\" title=\"KISSY CHANDIRAMANI, PREMIO CONCORDIA\" width=\"1170\" height=\"658\" src=\"https:\/\/www.youtube.com\/embed\/hqzzv5F57dM?feature=oembed\" frameborder=\"0\" allow=\"accelerometer; autoplay; clipboard-write; encrypted-media; gyroscope; picture-in-picture; web-share\" allowfullscreen><\/iframe>\n<\/div><figcaption class=\"wp-element-caption\"><br><br><strong>Premio embajadora de Juego Responsable<br><\/strong><br>Cristina Garc\u00eda<\/figcaption><\/figure>\n\n\n\n<figure class=\"wp-block-embed is-type-video is-provider-youtube wp-block-embed-youtube wp-embed-aspect-16-9 wp-has-aspect-ratio\"><div class=\"wp-block-embed__wrapper\">\n<iframe loading=\"lazy\" title=\"CRISTINA GARC\u00cdA, recoge el PREMIO EMBAJADORA DEL JUEGO RESPONSABLE\" width=\"1170\" height=\"658\" src=\"https:\/\/www.youtube.com\/embed\/dLTAOGLd6Es?feature=oembed\" frameborder=\"0\" allow=\"accelerometer; autoplay; clipboard-write; encrypted-media; gyroscope; picture-in-picture; web-share\" allowfullscreen><\/iframe>\n<\/div><\/figure>\n\n\n\n<p style=\"font-size:18px\"><strong>Premio Empresa con mejores acciones en Juego Responsable y RSC<\/strong><\/p>\n\n\n\n<p>CIRSA<\/p>\n\n\n\n<figure class=\"wp-block-embed is-type-video is-provider-youtube wp-block-embed-youtube wp-embed-aspect-16-9 wp-has-aspect-ratio\"><div class=\"wp-block-embed__wrapper\">\n<iframe loading=\"lazy\" title=\"CIRSA, PREMIO A LA EMPRESA CON MEJORES ACCIONES EN JUEGO RESPONSABLE\" width=\"1170\" height=\"658\" src=\"https:\/\/www.youtube.com\/embed\/PEu1hyxb5Ww?feature=oembed\" frameborder=\"0\" allow=\"accelerometer; autoplay; clipboard-write; encrypted-media; gyroscope; picture-in-picture; web-share\" allowfullscreen><\/iframe>\n<\/div><\/figure>\n\n\n\n<p class=\"has-white-color has-text-color\">.<\/p>\n\n\n\n<p style=\"font-size:18px\"><strong>Premio a la Asociaci\u00f3n con mejores acciones en Juego Responsable y RSC<\/strong><\/p>\n\n\n\n<p>ANESAR<\/p>\n\n\n\n<figure class=\"wp-block-embed is-type-video is-provider-youtube wp-block-embed-youtube wp-embed-aspect-16-9 wp-has-aspect-ratio\"><div class=\"wp-block-embed__wrapper\">\n<iframe loading=\"lazy\" title=\"Pepe Vall, recoge el premio para ANESAR\" width=\"1170\" height=\"658\" src=\"https:\/\/www.youtube.com\/embed\/1v0TcHqfaXY?feature=oembed\" frameborder=\"0\" allow=\"accelerometer; autoplay; clipboard-write; encrypted-media; gyroscope; picture-in-picture; web-share\" allowfullscreen><\/iframe>\n<\/div><\/figure>\n\n\n\n<p class=\"has-white-color has-text-color\">.<\/p>\n\n\n\n<p class=\"has-white-color has-text-color\">.<\/p>\n\n\n\n<p class=\"has-white-color has-text-color\">.<\/p>\n","protected":false},"excerpt":{"rendered":"<p>En esta QUINTA EDICI\u00d3N el jurado ha tenido la gran responsabilidad de seleccionar a los ganadores de once categor\u00edas\u00a0para abarcan el gran trabajo del sector en responsabilidad social corporativa y juego responsable tanto de \u00e1mbito nacional como internacional: . Premio a toda una trayectoria Jaume Sanahuja Premio Mejor Iniciativa por un Juego Responsable COFAR &#8211; [&hellip;]<\/p>\n","protected":false},"author":1,"featured_media":0,"parent":0,"menu_order":0,"comment_status":"closed","ping_status":"closed","template":"","meta":{"_monsterinsights_skip_tracking":false,"_monsterinsights_sitenote_active":false,"_monsterinsights_sitenote_note":"","_monsterinsights_sitenote_category":0,"footnotes":""},"class_list":["post-1655","page","type-page","status-publish","hentry"],"yoast_head":"<!-- This site is optimized with the Yoast SEO plugin v27.4 - https:\/\/yoast.com\/product\/yoast-seo-wordpress\/ -->\n<title>Ganadores de la Quinta Edici\u00f3n de los Premios INFOPLAY al Juego Responsable - Premios INFOPLAY al Juego Responsable y RSC<\/title>\n<meta name=\"robots\" content=\"noindex, follow, max-snippet:-1, max-image-preview:large, max-video-preview:-1\" \/>\n<meta property=\"og:locale\" content=\"es_ES\" \/>\n<meta property=\"og:type\" content=\"article\" \/>\n<meta property=\"og:title\" content=\"Ganadores de la Quinta Edici\u00f3n de los Premios INFOPLAY al Juego Responsable - Premios INFOPLAY al Juego Responsable y RSC\" \/>\n<meta property=\"og:description\" content=\"En esta QUINTA EDICI\u00d3N el jurado ha tenido la gran responsabilidad de seleccionar a los ganadores de once categor\u00edas\u00a0para abarcan el gran trabajo del sector en responsabilidad social corporativa y juego responsable tanto de \u00e1mbito nacional como internacional: . Premio a toda una trayectoria Jaume Sanahuja Premio Mejor Iniciativa por un Juego Responsable COFAR &#8211; [&hellip;]\" \/>\n<meta property=\"og:url\" content=\"https:\/\/www.premiosjuegoresponsable.es\/?page_id=1655\" \/>\n<meta property=\"og:site_name\" content=\"Premios INFOPLAY al Juego Responsable y RSC\" \/>\n<meta name=\"twitter:card\" content=\"summary_large_image\" \/>\n<meta name=\"twitter:label1\" content=\"Tiempo de lectura\" \/>\n\t<meta name=\"twitter:data1\" content=\"2 minutos\" \/>\n<script type=\"application\/ld+json\" class=\"yoast-schema-graph\">{\"@context\":\"https:\\\/\\\/schema.org\",\"@graph\":[{\"@type\":\"WebPage\",\"@id\":\"https:\\\/\\\/www.premiosjuegoresponsable.es\\\/?page_id=1655\",\"url\":\"https:\\\/\\\/www.premiosjuegoresponsable.es\\\/?page_id=1655\",\"name\":\"Ganadores de la Quinta Edici\u00f3n de los Premios INFOPLAY al Juego Responsable - Premios INFOPLAY al Juego Responsable y RSC\",\"isPartOf\":{\"@id\":\"https:\\\/\\\/www.premiosjuegoresponsable.es\\\/#website\"},\"datePublished\":\"2023-11-08T09:38:22+00:00\",\"breadcrumb\":{\"@id\":\"https:\\\/\\\/www.premiosjuegoresponsable.es\\\/?page_id=1655#breadcrumb\"},\"inLanguage\":\"es\",\"potentialAction\":[{\"@type\":\"ReadAction\",\"target\":[\"https:\\\/\\\/www.premiosjuegoresponsable.es\\\/?page_id=1655\"]}]},{\"@type\":\"BreadcrumbList\",\"@id\":\"https:\\\/\\\/www.premiosjuegoresponsable.es\\\/?page_id=1655#breadcrumb\",\"itemListElement\":[{\"@type\":\"ListItem\",\"position\":1,\"name\":\"Portada\",\"item\":\"https:\\\/\\\/www.premiosjuegoresponsable.es\\\/\"},{\"@type\":\"ListItem\",\"position\":2,\"name\":\"Ganadores de la Quinta Edici\u00f3n de los Premios INFOPLAY al Juego Responsable\"}]},{\"@type\":\"WebSite\",\"@id\":\"https:\\\/\\\/www.premiosjuegoresponsable.es\\\/#website\",\"url\":\"https:\\\/\\\/www.premiosjuegoresponsable.es\\\/\",\"name\":\"Premios INFOPLAY al Juego Responsable y RSC\",\"description\":\"\",\"potentialAction\":[{\"@type\":\"SearchAction\",\"target\":{\"@type\":\"EntryPoint\",\"urlTemplate\":\"https:\\\/\\\/www.premiosjuegoresponsable.es\\\/?s={search_term_string}\"},\"query-input\":{\"@type\":\"PropertyValueSpecification\",\"valueRequired\":true,\"valueName\":\"search_term_string\"}}],\"inLanguage\":\"es\"}]}<\/script>\n<!-- \/ Yoast SEO plugin. -->","yoast_head_json":{"title":"Ganadores de la Quinta Edici\u00f3n de los Premios INFOPLAY al Juego Responsable - Premios INFOPLAY al Juego Responsable y RSC","robots":{"index":"noindex","follow":"follow","max-snippet":"max-snippet:-1","max-image-preview":"max-image-preview:large","max-video-preview":"max-video-preview:-1"},"og_locale":"es_ES","og_type":"article","og_title":"Ganadores de la Quinta Edici\u00f3n de los Premios INFOPLAY al Juego Responsable - Premios INFOPLAY al Juego Responsable y RSC","og_description":"En esta QUINTA EDICI\u00d3N el jurado ha tenido la gran responsabilidad de seleccionar a los ganadores de once categor\u00edas\u00a0para abarcan el gran trabajo del sector en responsabilidad social corporativa y juego responsable tanto de \u00e1mbito nacional como internacional: . Premio a toda una trayectoria Jaume Sanahuja Premio Mejor Iniciativa por un Juego Responsable COFAR &#8211; [&hellip;]","og_url":"https:\/\/www.premiosjuegoresponsable.es\/?page_id=1655","og_site_name":"Premios INFOPLAY al Juego Responsable y RSC","twitter_card":"summary_large_image","twitter_misc":{"Tiempo de lectura":"2 minutos"},"schema":{"@context":"https:\/\/schema.org","@graph":[{"@type":"WebPage","@id":"https:\/\/www.premiosjuegoresponsable.es\/?page_id=1655","url":"https:\/\/www.premiosjuegoresponsable.es\/?page_id=1655","name":"Ganadores de la Quinta Edici\u00f3n de los Premios INFOPLAY al Juego Responsable - Premios INFOPLAY al Juego Responsable y RSC","isPartOf":{"@id":"https:\/\/www.premiosjuegoresponsable.es\/#website"},"datePublished":"2023-11-08T09:38:22+00:00","breadcrumb":{"@id":"https:\/\/www.premiosjuegoresponsable.es\/?page_id=1655#breadcrumb"},"inLanguage":"es","potentialAction":[{"@type":"ReadAction","target":["https:\/\/www.premiosjuegoresponsable.es\/?page_id=1655"]}]},{"@type":"BreadcrumbList","@id":"https:\/\/www.premiosjuegoresponsable.es\/?page_id=1655#breadcrumb","itemListElement":[{"@type":"ListItem","position":1,"name":"Portada","item":"https:\/\/www.premiosjuegoresponsable.es\/"},{"@type":"ListItem","position":2,"name":"Ganadores de la Quinta Edici\u00f3n de los Premios INFOPLAY al Juego Responsable"}]},{"@type":"WebSite","@id":"https:\/\/www.premiosjuegoresponsable.es\/#website","url":"https:\/\/www.premiosjuegoresponsable.es\/","name":"Premios INFOPLAY al Juego Responsable y RSC","description":"","potentialAction":[{"@type":"SearchAction","target":{"@type":"EntryPoint","urlTemplate":"https:\/\/www.premiosjuegoresponsable.es\/?s={search_term_string}"},"query-input":{"@type":"PropertyValueSpecification","valueRequired":true,"valueName":"search_term_string"}}],"inLanguage":"es"}]}},"_links":{"self":[{"href":"https:\/\/www.premiosjuegoresponsable.es\/index.php?rest_route=\/wp\/v2\/pages\/1655","targetHints":{"allow":["GET"]}}],"collection":[{"href":"https:\/\/www.premiosjuegoresponsable.es\/index.php?rest_route=\/wp\/v2\/pages"}],"about":[{"href":"https:\/\/www.premiosjuegoresponsable.es\/index.php?rest_route=\/wp\/v2\/types\/page"}],"author":[{"embeddable":true,"href":"https:\/\/www.premiosjuegoresponsable.es\/index.php?rest_route=\/wp\/v2\/users\/1"}],"replies":[{"embeddable":true,"href":"https:\/\/www.premiosjuegoresponsable.es\/index.php?rest_route=%2Fwp%2Fv2%2Fcomments&post=1655"}],"version-history":[{"count":1,"href":"https:\/\/www.premiosjuegoresponsable.es\/index.php?rest_route=\/wp\/v2\/pages\/1655\/revisions"}],"predecessor-version":[{"id":1656,"href":"https:\/\/www.premiosjuegoresponsable.es\/index.php?rest_route=\/wp\/v2\/pages\/1655\/revisions\/1656"}],"wp:attachment":[{"href":"https:\/\/www.premiosjuegoresponsable.es\/index.php?rest_route=%2Fwp%2Fv2%2Fmedia&parent=1655"}],"curies":[{"name":"wp","href":"https:\/\/api.w.org\/{rel}","templated":true}]}}